{"id":3430,"date":"2025-02-24T16:37:34","date_gmt":"2025-02-24T15:37:34","guid":{"rendered":"https:\/\/besttahini.pl\/?post_type=product&#038;p=3430"},"modified":"2025-10-21T17:26:54","modified_gmt":"2025-10-21T15:26:54","slug":"chalwa-achva-mix-smakow","status":"publish","type":"product","link":"https:\/\/besttahini.pl\/en\/product\/chalwa-achva-mix-smakow\/","title":{"rendered":"Cha\u0142wa Achva &#8211; mix smak\u00f3w"},"content":{"rendered":"<div class=\"flex max-w-full flex-col flex-grow\">\n<div class=\"min-h-8 text-message flex w-full flex-col items-end gap-2 whitespace-normal break-words text-start [.text-message+&amp;]:mt-5\" dir=\"auto\" data-message-author-role=\"assistant\" data-message-id=\"1495fe93-0d68-4460-afa6-0d4042bca263\" data-message-model-slug=\"gpt-4o\">\n<div class=\"flex w-full flex-col gap-1 empty:hidden first:pt-[3px]\">\n<div class=\"markdown prose w-full break-words dark:prose-invert light\">\n<h1 data-start=\"0\" data-end=\"54\">Cha\u0142wa Achva &#8211; mix smak\u00f3w<\/h1>\n<p><img decoding=\"async\" class=\"alignnone wp-image-3438 size-thumbnail\" src=\"https:\/\/besttahini.pl\/wp-content\/uploads\/2025\/02\/achva_favicone-150x150.png\" alt=\"achva cha\u0142wa\" width=\"150\" height=\"150\" srcset=\"https:\/\/besttahini.pl\/wp-content\/uploads\/2025\/02\/achva_favicone-150x150.png 150w, https:\/\/besttahini.pl\/wp-content\/uploads\/2025\/02\/achva_favicone-100x100.png 100w\" sizes=\"(max-width: 150px) 100vw, 150px\" \/><\/p>\n<h2>Cha\u0142wa Achva &#8211; S\u0142odka przek\u0105ska. Mix smak\u00f3w.<\/h2>\n<p data-start=\"56\" data-end=\"456\">Robienie w\u0142asnej cha\u0142wy to nie lada wyzwanie, zw\u0142aszcza je\u015bli np. nie masz termometru cukierniczego i doskona\u0142ego przepisu \ud83d\ude42<br \/>\nZaspok\u00f3j swoje s\u0142odkie zachcianki dzi\u0119ki zestawowi przek\u0105sek Halva Snacks od Achva!<br \/>\nW ka\u017cdej paczce znajdziesz 4 batoniki waniliowe, 4 orzechowe i 4 marmurkowe z tahini \u2013 prawdziwa uczta dla podniebienia.<br \/>\nSkosztuj beztroskiej s\u0142odyczy bez pieczenia z Achva!<\/p>\n<\/div>\n<p data-start=\"56\" data-end=\"456\"><img decoding=\"async\" class=\"alignnone size-medium wp-image-3431\" src=\"https:\/\/besttahini.pl\/wp-content\/uploads\/2025\/02\/achva-chala-mix-smakow-300x148.jpg\" alt=\"\" width=\"300\" height=\"148\" srcset=\"https:\/\/besttahini.pl\/wp-content\/uploads\/2025\/02\/achva-chala-mix-smakow-300x148.jpg 300w, https:\/\/besttahini.pl\/wp-content\/uploads\/2025\/02\/achva-chala-mix-smakow-768x380.jpg 768w, https:\/\/besttahini.pl\/wp-content\/uploads\/2025\/02\/achva-chala-mix-smakow-18x9.jpg 18w, https:\/\/besttahini.pl\/wp-content\/uploads\/2025\/02\/achva-chala-mix-smakow-600x297.jpg 600w, https:\/\/besttahini.pl\/wp-content\/uploads\/2025\/02\/achva-chala-mix-smakow.jpg 900w\" sizes=\"(max-width: 300px) 100vw, 300px\" \/><\/p>\n<div class=\"markdown prose w-full break-words dark:prose-invert light\">\n<h2 data-start=\"458\" data-end=\"482\"><\/h2>\n<h2 data-start=\"458\" data-end=\"482\">Idealne Po\u0142\u0105czenia<\/h2>\n<p data-start=\"484\" data-end=\"627\">Cho\u0107 cha\u0142wy Achva same w sobie smakuj\u0105 wy\u015bmienicie, mog\u0105 r\u00f3wnie\u017c wzbogaci\u0107 Twoje ulubione dania i przek\u0105ski!<br \/>\nDodaj im elegancji, gdy:<\/p>\n<ul data-start=\"629\" data-end=\"851\">\n<li data-start=\"629\" data-end=\"674\">Podasz je z popo\u0142udniow\u0105 herbat\u0105 lub kaw\u0105<\/li>\n<li data-start=\"675\" data-end=\"727\">Pokruszysz na lody, by doda\u0107 im smaku<\/li>\n<li data-start=\"728\" data-end=\"785\">Posypiesz nimi jogurt na s\u0142odkie \u015bniadanie<\/li>\n<li data-start=\"786\" data-end=\"831\">Dodasz do deski ser\u00f3w, by zachwyci\u0107 go\u015bci<\/li>\n<li data-start=\"832\" data-end=\"851\">I wiele wi\u0119cej!<\/li>\n<\/ul>\n<h2 data-start=\"853\" data-end=\"879\">S\u0142odkie, ale Po\u017cywne<\/h2>\n<p data-start=\"881\" data-end=\"1126\">Twoja cha\u0142wa Achva to nie tylko s\u0142odycze. Cha\u0142wa zawieraja tak\u017ce sk\u0142adniki od\u017cywcze korzystne dla organizmu. B\u0142onnik, wap\u0144, bia\u0142ko i \u017celazo, a do tego ZERO cholesterolu \u2013 dzi\u0119ki nim mo\u017cesz cieszy\u0107 si\u0119 s\u0142odk\u0105 przyjemno\u015bci\u0105 bez wyrzut\u00f3w sumienia!<\/p>\n<h2 data-start=\"1128\" data-end=\"1151\">Smakowity Prezent<\/h2>\n<\/div>\n<\/div>\n<p><img decoding=\"async\" class=\"alignnone size-medium wp-image-3433\" src=\"https:\/\/besttahini.pl\/wp-content\/uploads\/2025\/02\/chalwa-achva-mix-smakow-300x252.webp\" alt=\"cha\u0142wa achva mix smakow\" width=\"300\" height=\"252\" srcset=\"https:\/\/besttahini.pl\/wp-content\/uploads\/2025\/02\/chalwa-achva-mix-smakow-300x252.webp 300w, https:\/\/besttahini.pl\/wp-content\/uploads\/2025\/02\/chalwa-achva-mix-smakow-14x12.webp 14w, https:\/\/besttahini.pl\/wp-content\/uploads\/2025\/02\/chalwa-achva-mix-smakow.webp 591w\" sizes=\"(max-width: 300px) 100vw, 300px\" \/><\/p>\n<div class=\"flex w-full flex-col gap-1 empty:hidden first:pt-[3px]\">\n<div class=\"markdown prose w-full break-words dark:prose-invert light\">\n<p data-start=\"1153\" data-end=\"1429\">Szukasz pysznego upominku dla bliskiej osoby? Niezale\u017cnie od tego, czy t\u0119skni za smakiem cha\u0142wy z dzieci\u0144stwa, czy po prostu uwielbia s\u0142odycze, Halva Snacks od Achva to prezent pe\u0142en smaku.<br \/>\nNie potrzebujesz nic wi\u0119cej ni\u017c kokardy \u2013 batony s\u0105 zapakowane w eleganckie pude\u0142ko!<\/p>\n<h2 data-start=\"1431\" data-end=\"1451\">Przechowywanie<\/h2>\n<p data-start=\"1453\" data-end=\"1606\">Wysoka temperatura mo\u017ce sprawi\u0107, \u017ce cha\u0142wa stanie si\u0119 lepka i trudna do jedzenia. Aby zachowa\u0107 jej idealn\u0105 konsystencj\u0119, przechowuj batoniki w lod\u00f3wce!<br \/>\nW zestawie znajdziesz waniliowe, orzechowe i marmurkowe batoniki Halva Snacks od Achva. <a href=\"https:\/\/besttahini.pl\/en\/product\/chalwa-achva-mix-smakow\/\">Dodaj pude\u0142ko<\/a> (lub wi\u0119cej \u2013 doskonale to rozumiemy!) do koszyka JU\u017b DZI\u015a!<\/p>\n<\/div>\n<p data-start=\"1453\" data-end=\"1606\"><img decoding=\"async\" class=\"alignnone wp-image-3439 size-thumbnail\" src=\"https:\/\/besttahini.pl\/wp-content\/uploads\/2025\/02\/achva-chalwa-150x150.webp\" alt=\"achva\" width=\"150\" height=\"150\" srcset=\"https:\/\/besttahini.pl\/wp-content\/uploads\/2025\/02\/achva-chalwa-150x150.webp 150w, https:\/\/besttahini.pl\/wp-content\/uploads\/2025\/02\/achva-chalwa-300x300.webp 300w, https:\/\/besttahini.pl\/wp-content\/uploads\/2025\/02\/achva-chalwa-12x12.webp 12w, https:\/\/besttahini.pl\/wp-content\/uploads\/2025\/02\/achva-chalwa-100x100.webp 100w, https:\/\/besttahini.pl\/wp-content\/uploads\/2025\/02\/achva-chalwa.webp 488w\" sizes=\"(max-width: 150px) 100vw, 150px\" \/> <img decoding=\"async\" class=\"alignnone wp-image-3440 size-thumbnail\" src=\"https:\/\/besttahini.pl\/wp-content\/uploads\/2025\/02\/achva-chalwa1-150x150.webp\" alt=\"\" width=\"150\" height=\"150\" srcset=\"https:\/\/besttahini.pl\/wp-content\/uploads\/2025\/02\/achva-chalwa1-150x150.webp 150w, https:\/\/besttahini.pl\/wp-content\/uploads\/2025\/02\/achva-chalwa1-300x300.webp 300w, https:\/\/besttahini.pl\/wp-content\/uploads\/2025\/02\/achva-chalwa1-12x12.webp 12w, https:\/\/besttahini.pl\/wp-content\/uploads\/2025\/02\/achva-chalwa1-100x100.webp 100w, https:\/\/besttahini.pl\/wp-content\/uploads\/2025\/02\/achva-chalwa1.webp 488w\" sizes=\"(max-width: 150px) 100vw, 150px\" \/> <img decoding=\"async\" class=\"alignnone wp-image-3441 size-thumbnail\" src=\"https:\/\/besttahini.pl\/wp-content\/uploads\/2025\/02\/achva-chalwa2-150x150.webp\" alt=\"\" width=\"150\" height=\"150\" srcset=\"https:\/\/besttahini.pl\/wp-content\/uploads\/2025\/02\/achva-chalwa2-150x150.webp 150w, https:\/\/besttahini.pl\/wp-content\/uploads\/2025\/02\/achva-chalwa2-300x300.webp 300w, https:\/\/besttahini.pl\/wp-content\/uploads\/2025\/02\/achva-chalwa2-12x12.webp 12w, https:\/\/besttahini.pl\/wp-content\/uploads\/2025\/02\/achva-chalwa2-100x100.webp 100w, https:\/\/besttahini.pl\/wp-content\/uploads\/2025\/02\/achva-chalwa2.webp 488w\" sizes=\"(max-width: 150px) 100vw, 150px\" \/> <img decoding=\"async\" class=\"alignnone wp-image-3442 size-thumbnail\" src=\"https:\/\/besttahini.pl\/wp-content\/uploads\/2025\/02\/achva-chalwa3-150x150.webp\" alt=\"\" width=\"150\" height=\"150\" srcset=\"https:\/\/besttahini.pl\/wp-content\/uploads\/2025\/02\/achva-chalwa3-150x150.webp 150w, https:\/\/besttahini.pl\/wp-content\/uploads\/2025\/02\/achva-chalwa3-300x300.webp 300w, https:\/\/besttahini.pl\/wp-content\/uploads\/2025\/02\/achva-chalwa3-12x12.webp 12w, https:\/\/besttahini.pl\/wp-content\/uploads\/2025\/02\/achva-chalwa3-100x100.webp 100w, https:\/\/besttahini.pl\/wp-content\/uploads\/2025\/02\/achva-chalwa3.webp 488w\" sizes=\"(max-width: 150px) 100vw, 150px\" \/> <img decoding=\"async\" class=\"alignnone wp-image-3443 size-thumbnail\" src=\"https:\/\/besttahini.pl\/wp-content\/uploads\/2025\/02\/achva-chalwa4-150x150.webp\" alt=\"\" width=\"150\" height=\"150\" srcset=\"https:\/\/besttahini.pl\/wp-content\/uploads\/2025\/02\/achva-chalwa4-150x150.webp 150w, https:\/\/besttahini.pl\/wp-content\/uploads\/2025\/02\/achva-chalwa4-300x300.webp 300w, https:\/\/besttahini.pl\/wp-content\/uploads\/2025\/02\/achva-chalwa4-12x12.webp 12w, https:\/\/besttahini.pl\/wp-content\/uploads\/2025\/02\/achva-chalwa4-100x100.webp 100w, https:\/\/besttahini.pl\/wp-content\/uploads\/2025\/02\/achva-chalwa4.webp 488w\" sizes=\"(max-width: 150px) 100vw, 150px\" \/> <img decoding=\"async\" class=\"alignnone wp-image-3444 size-thumbnail\" src=\"https:\/\/besttahini.pl\/wp-content\/uploads\/2025\/02\/achva-chalwa5-150x150.webp\" alt=\"\" width=\"150\" height=\"150\" srcset=\"https:\/\/besttahini.pl\/wp-content\/uploads\/2025\/02\/achva-chalwa5-150x150.webp 150w, https:\/\/besttahini.pl\/wp-content\/uploads\/2025\/02\/achva-chalwa5-300x300.webp 300w, https:\/\/besttahini.pl\/wp-content\/uploads\/2025\/02\/achva-chalwa5-12x12.webp 12w, https:\/\/besttahini.pl\/wp-content\/uploads\/2025\/02\/achva-chalwa5-100x100.webp 100w, https:\/\/besttahini.pl\/wp-content\/uploads\/2025\/02\/achva-chalwa5.webp 488w\" sizes=\"(max-width: 150px) 100vw, 150px\" \/><\/p>\n<\/div>\n<\/div>\n<\/div>\n<div class=\"mb-2 flex gap-3 empty:hidden -ml-2\">\n<div class=\"items-center justify-start rounded-xl p-1 z-10 -mt-1 bg-token-main-surface-primary screen-arch:mt-1 md:absolute md:sr-only\">\n<div class=\"flex items-center\"><\/div>\n<\/div>\n<\/div>","protected":false},"excerpt":{"rendered":"<p>Cha\u0142wa Achva &#8211; mix smak\u00f3w Cha\u0142wa Achva &#8211; S\u0142odka przek\u0105ska. Mix smak\u00f3w. Robienie w\u0142asnej cha\u0142wy to nie lada wyzwanie, zw\u0142aszcza je\u015bli np. nie masz termometru cukierniczego i doskona\u0142ego przepisu \ud83d\ude42 &#8230;<\/p>","protected":false},"featured_media":3446,"comment_status":"open","ping_status":"closed","template":"","meta":[],"product_brand":[125],"product_cat":[128],"product_tag":[127,126],"class_list":{"0":"post-3430","1":"product","2":"type-product","3":"status-publish","4":"has-post-thumbnail","6":"product_brand-achva","7":"product_cat-chalwa-achva","8":"product_tag-chalwa","9":"product_tag-chalwa-achva","11":"first","12":"outofstock","13":"shipping-taxable","14":"purchasable","15":"product-type-simple"},"yoast_head":"<!-- This site is optimized with the Yoast SEO Premium plugin v25.4 (Yoast SEO v26.1.1) - https:\/\/yoast.com\/wordpress\/plugins\/seo\/ -->\n<title>Cha\u0142wa Achva - Mix smak\u00f3w 300g - Best Tahini CC<\/title>\n<meta name=\"description\" content=\"Cha\u0142wa Achva - Mix smak\u00f3w 300g. Spr\u00f3buj jednej z najlepszych cha\u0142w dost\u0119pnych na rynku. Mix trzech smak\u00f3w w jednym miejscu!\" \/>\n<meta name=\"robots\" content=\"index, follow, max-snippet:-1, max-image-preview:large, max-video-preview:-1\" \/>\n<link rel=\"canonical\" href=\"https:\/\/besttahini.pl\/en\/product\/chalwa-achva-mix-smakow\/\" \/>\n<meta property=\"og:locale\" content=\"en_GB\" \/>\n<meta property=\"og:type\" content=\"article\" \/>\n<meta property=\"og:title\" content=\"Cha\u0142wa Achva - mix smak\u00f3w\" \/>\n<meta property=\"og:description\" content=\"Cha\u0142wa Achva - Mix smak\u00f3w 300g. Spr\u00f3buj jednej z najlepszych cha\u0142w dost\u0119pnych na rynku. Mix trzech smak\u00f3w w jednym miejscu!\" \/>\n<meta property=\"og:url\" content=\"https:\/\/besttahini.pl\/en\/product\/chalwa-achva-mix-smakow\/\" \/>\n<meta property=\"og:site_name\" content=\"Best Tahini\" \/>\n<meta property=\"article:modified_time\" content=\"2025-10-21T15:26:54+00:00\" \/>\n<meta property=\"og:image\" content=\"https:\/\/besttahini.pl\/wp-content\/uploads\/2025\/02\/zestaw-achva-chalwa-1.webp\" \/>\n\t<meta property=\"og:image:width\" content=\"555\" \/>\n\t<meta property=\"og:image:height\" content=\"488\" \/>\n\t<meta property=\"og:image:type\" content=\"image\/webp\" \/>\n<meta name=\"twitter:card\" content=\"summary_large_image\" \/>\n<meta name=\"twitter:label1\" content=\"Estimated reading time\" \/>\n\t<meta name=\"twitter:data1\" content=\"4 minutes\" \/>\n<script type=\"application\/ld+json\" class=\"yoast-schema-graph\">{\"@context\":\"https:\/\/schema.org\",\"@graph\":[{\"@type\":\"WebPage\",\"@id\":\"https:\/\/besttahini.pl\/produkt\/chalwa-achva-mix-smakow\/\",\"url\":\"https:\/\/besttahini.pl\/produkt\/chalwa-achva-mix-smakow\/\",\"name\":\"Cha\u0142wa Achva - Mix smak\u00f3w 300g - Best Tahini CC\",\"isPartOf\":{\"@id\":\"https:\/\/besttahini.pl\/#website\"},\"primaryImageOfPage\":{\"@id\":\"https:\/\/besttahini.pl\/produkt\/chalwa-achva-mix-smakow\/#primaryimage\"},\"image\":{\"@id\":\"https:\/\/besttahini.pl\/produkt\/chalwa-achva-mix-smakow\/#primaryimage\"},\"thumbnailUrl\":\"https:\/\/besttahini.pl\/wp-content\/uploads\/2025\/02\/zestaw-achva-chalwa-1.webp\",\"datePublished\":\"2025-02-24T15:37:34+00:00\",\"dateModified\":\"2025-10-21T15:26:54+00:00\",\"description\":\"Cha\u0142wa Achva - Mix smak\u00f3w 300g. Spr\u00f3buj jednej z najlepszych cha\u0142w dost\u0119pnych na rynku. Mix trzech smak\u00f3w w jednym miejscu!\",\"breadcrumb\":{\"@id\":\"https:\/\/besttahini.pl\/produkt\/chalwa-achva-mix-smakow\/#breadcrumb\"},\"inLanguage\":\"en-GB\",\"potentialAction\":[{\"@type\":\"ReadAction\",\"target\":[\"https:\/\/besttahini.pl\/produkt\/chalwa-achva-mix-smakow\/\"]}]},{\"@type\":\"ImageObject\",\"inLanguage\":\"en-GB\",\"@id\":\"https:\/\/besttahini.pl\/produkt\/chalwa-achva-mix-smakow\/#primaryimage\",\"url\":\"https:\/\/besttahini.pl\/wp-content\/uploads\/2025\/02\/zestaw-achva-chalwa-1.webp\",\"contentUrl\":\"https:\/\/besttahini.pl\/wp-content\/uploads\/2025\/02\/zestaw-achva-chalwa-1.webp\",\"width\":555,\"height\":488,\"caption\":\"achva zestaw cha\u0142wa\"},{\"@type\":\"BreadcrumbList\",\"@id\":\"https:\/\/besttahini.pl\/produkt\/chalwa-achva-mix-smakow\/#breadcrumb\",\"itemListElement\":[{\"@type\":\"ListItem\",\"position\":1,\"name\":\"Strona g\u0142\u00f3wna\",\"item\":\"https:\/\/besttahini.pl\/\"},{\"@type\":\"ListItem\",\"position\":2,\"name\":\"Sklep Best Tahini\",\"item\":\"https:\/\/besttahini.pl\/sklep\/\"},{\"@type\":\"ListItem\",\"position\":3,\"name\":\"Cha\u0142wa Achva &#8211; mix smak\u00f3w\"}]},{\"@type\":\"WebSite\",\"@id\":\"https:\/\/besttahini.pl\/#website\",\"url\":\"https:\/\/besttahini.pl\/\",\"name\":\"Best Tahini\",\"description\":\"Pasty sezamowe premium\",\"publisher\":{\"@id\":\"https:\/\/besttahini.pl\/#organization\"},\"potentialAction\":[{\"@type\":\"SearchAction\",\"target\":{\"@type\":\"EntryPoint\",\"urlTemplate\":\"https:\/\/besttahini.pl\/?s={search_term_string}\"},\"query-input\":{\"@type\":\"PropertyValueSpecification\",\"valueRequired\":true,\"valueName\":\"search_term_string\"}}],\"inLanguage\":\"en-GB\"},{\"@type\":\"Organization\",\"@id\":\"https:\/\/besttahini.pl\/#organization\",\"name\":\"Best Tahini\",\"url\":\"https:\/\/besttahini.pl\/\",\"logo\":{\"@type\":\"ImageObject\",\"inLanguage\":\"en-GB\",\"@id\":\"https:\/\/besttahini.pl\/#\/schema\/logo\/image\/\",\"url\":\"https:\/\/besttahini.pl\/wp-content\/uploads\/2023\/05\/cropped-cropped-logo-best-tahini2.png\",\"contentUrl\":\"https:\/\/besttahini.pl\/wp-content\/uploads\/2023\/05\/cropped-cropped-logo-best-tahini2.png\",\"width\":300,\"height\":67,\"caption\":\"Best Tahini\"},\"image\":{\"@id\":\"https:\/\/besttahini.pl\/#\/schema\/logo\/image\/\"}}]}<\/script>\n<!-- \/ Yoast SEO Premium plugin. -->","yoast_head_json":{"title":"Cha\u0142wa Achva - Mix smak\u00f3w 300g - Best Tahini CC","description":"Cha\u0142wa Achva - Mix smak\u00f3w 300g. Spr\u00f3buj jednej z najlepszych cha\u0142w dost\u0119pnych na rynku. Mix trzech smak\u00f3w w jednym miejscu!","robots":{"index":"index","follow":"follow","max-snippet":"max-snippet:-1","max-image-preview":"max-image-preview:large","max-video-preview":"max-video-preview:-1"},"canonical":"https:\/\/besttahini.pl\/en\/product\/chalwa-achva-mix-smakow\/","og_locale":"en_GB","og_type":"article","og_title":"Cha\u0142wa Achva - mix smak\u00f3w","og_description":"Cha\u0142wa Achva - Mix smak\u00f3w 300g. Spr\u00f3buj jednej z najlepszych cha\u0142w dost\u0119pnych na rynku. Mix trzech smak\u00f3w w jednym miejscu!","og_url":"https:\/\/besttahini.pl\/en\/product\/chalwa-achva-mix-smakow\/","og_site_name":"Best Tahini","article_modified_time":"2025-10-21T15:26:54+00:00","og_image":[{"width":555,"height":488,"url":"https:\/\/besttahini.pl\/wp-content\/uploads\/2025\/02\/zestaw-achva-chalwa-1.webp","type":"image\/webp"}],"twitter_card":"summary_large_image","twitter_misc":{"Estimated reading time":"4 minutes"},"schema":{"@context":"https:\/\/schema.org","@graph":[{"@type":"WebPage","@id":"https:\/\/besttahini.pl\/produkt\/chalwa-achva-mix-smakow\/","url":"https:\/\/besttahini.pl\/produkt\/chalwa-achva-mix-smakow\/","name":"Cha\u0142wa Achva - Mix smak\u00f3w 300g - Best Tahini CC","isPartOf":{"@id":"https:\/\/besttahini.pl\/#website"},"primaryImageOfPage":{"@id":"https:\/\/besttahini.pl\/produkt\/chalwa-achva-mix-smakow\/#primaryimage"},"image":{"@id":"https:\/\/besttahini.pl\/produkt\/chalwa-achva-mix-smakow\/#primaryimage"},"thumbnailUrl":"https:\/\/besttahini.pl\/wp-content\/uploads\/2025\/02\/zestaw-achva-chalwa-1.webp","datePublished":"2025-02-24T15:37:34+00:00","dateModified":"2025-10-21T15:26:54+00:00","description":"Cha\u0142wa Achva - Mix smak\u00f3w 300g. Spr\u00f3buj jednej z najlepszych cha\u0142w dost\u0119pnych na rynku. Mix trzech smak\u00f3w w jednym miejscu!","breadcrumb":{"@id":"https:\/\/besttahini.pl\/produkt\/chalwa-achva-mix-smakow\/#breadcrumb"},"inLanguage":"en-GB","potentialAction":[{"@type":"ReadAction","target":["https:\/\/besttahini.pl\/produkt\/chalwa-achva-mix-smakow\/"]}]},{"@type":"ImageObject","inLanguage":"en-GB","@id":"https:\/\/besttahini.pl\/produkt\/chalwa-achva-mix-smakow\/#primaryimage","url":"https:\/\/besttahini.pl\/wp-content\/uploads\/2025\/02\/zestaw-achva-chalwa-1.webp","contentUrl":"https:\/\/besttahini.pl\/wp-content\/uploads\/2025\/02\/zestaw-achva-chalwa-1.webp","width":555,"height":488,"caption":"achva zestaw cha\u0142wa"},{"@type":"BreadcrumbList","@id":"https:\/\/besttahini.pl\/produkt\/chalwa-achva-mix-smakow\/#breadcrumb","itemListElement":[{"@type":"ListItem","position":1,"name":"Strona g\u0142\u00f3wna","item":"https:\/\/besttahini.pl\/"},{"@type":"ListItem","position":2,"name":"Sklep Best Tahini","item":"https:\/\/besttahini.pl\/sklep\/"},{"@type":"ListItem","position":3,"name":"Cha\u0142wa Achva &#8211; mix smak\u00f3w"}]},{"@type":"WebSite","@id":"https:\/\/besttahini.pl\/#website","url":"https:\/\/besttahini.pl\/","name":"Best Tahini","description":"Premium sesame pastes","publisher":{"@id":"https:\/\/besttahini.pl\/#organization"},"potentialAction":[{"@type":"SearchAction","target":{"@type":"EntryPoint","urlTemplate":"https:\/\/besttahini.pl\/?s={search_term_string}"},"query-input":{"@type":"PropertyValueSpecification","valueRequired":true,"valueName":"search_term_string"}}],"inLanguage":"en-GB"},{"@type":"Organization","@id":"https:\/\/besttahini.pl\/#organization","name":"Best Tahini","url":"https:\/\/besttahini.pl\/","logo":{"@type":"ImageObject","inLanguage":"en-GB","@id":"https:\/\/besttahini.pl\/#\/schema\/logo\/image\/","url":"https:\/\/besttahini.pl\/wp-content\/uploads\/2023\/05\/cropped-cropped-logo-best-tahini2.png","contentUrl":"https:\/\/besttahini.pl\/wp-content\/uploads\/2023\/05\/cropped-cropped-logo-best-tahini2.png","width":300,"height":67,"caption":"Best Tahini"},"image":{"@id":"https:\/\/besttahini.pl\/#\/schema\/logo\/image\/"}}]}},"_links":{"self":[{"href":"https:\/\/besttahini.pl\/en\/wp-json\/wp\/v2\/product\/3430","targetHints":{"allow":["GET"]}}],"collection":[{"href":"https:\/\/besttahini.pl\/en\/wp-json\/wp\/v2\/product"}],"about":[{"href":"https:\/\/besttahini.pl\/en\/wp-json\/wp\/v2\/types\/product"}],"replies":[{"embeddable":true,"href":"https:\/\/besttahini.pl\/en\/wp-json\/wp\/v2\/comments?post=3430"}],"wp:featuredmedia":[{"embeddable":true,"href":"https:\/\/besttahini.pl\/en\/wp-json\/wp\/v2\/media\/3446"}],"wp:attachment":[{"href":"https:\/\/besttahini.pl\/en\/wp-json\/wp\/v2\/media?parent=3430"}],"wp:term":[{"taxonomy":"product_brand","embeddable":true,"href":"https:\/\/besttahini.pl\/en\/wp-json\/wp\/v2\/product_brand?post=3430"},{"taxonomy":"product_cat","embeddable":true,"href":"https:\/\/besttahini.pl\/en\/wp-json\/wp\/v2\/product_cat?post=3430"},{"taxonomy":"product_tag","embeddable":true,"href":"https:\/\/besttahini.pl\/en\/wp-json\/wp\/v2\/product_tag?post=3430"}],"curies":[{"name":"wp","href":"https:\/\/api.w.org\/{rel}","templated":true}]}}