{"id":2416,"date":"2023-12-22T12:25:27","date_gmt":"2023-12-22T11:25:27","guid":{"rendered":"https:\/\/besttahini.pl\/?post_type=product&#038;p=2416"},"modified":"2025-08-05T15:20:53","modified_gmt":"2025-08-05T13:20:53","slug":"organiczna-tahini-mighty-sesame-co","status":"publish","type":"product","link":"https:\/\/besttahini.pl\/en\/product\/organiczna-tahini-mighty-sesame-co\/","title":{"rendered":"Organic Tahini Paste by Mighty Sesame Co."},"content":{"rendered":"<h2>Organic Tahini Paste by Mighty Sesame Co.<\/h2>\n<p><img decoding=\"async\" class=\"alignnone size-full wp-image-2982\" src=\"https:\/\/besttahini.pl\/wp-content\/uploads\/2023\/12\/mighty-logo-small.png\" alt=\"mighty sesame logo\" width=\"150\" height=\"99\" \/><\/p>\n<p>This tahini paste is:<br \/>\n\u2013 organic<br \/>\n\u2013 vegan<br \/>\n\u2013 gluten-free<br \/>\n\u2013 lactose-free<br \/>\n\u2013 kosher<br \/>\n\u2013 halal<br \/>\n\u2013 sugar-free<br \/>\n\u2013 vegetarian<br \/>\n\u2013 GMO-free<\/p>\n<p>Organic Mighty Sesame Tahini paste is 100% organic. Made from the finest Ethiopian sesame seeds. Like our other tahini, it contains just one ingredient \u2013 sesame seeds!<br \/>\nIt is unique. It comes in a patented easy-to-use bottle. No more scooping with a spoon or endless stirring. Just shake well and squeeze!<\/p>\n<p>Like any authentic tahini, it is rich in nutrients. It contains calcium, iron, copper, manganese, phosphorus, thiamine, protein, magnesium, potassium, selenium, fiber, tryptophan, riboflavin, niacin, pantothenic acid, vitamin B6, folic acid, omega 3, and omega 6.<br \/>\nThe packaging is BPA-free.<br \/>\nProduced in a peanut- and tree nut-free environment.<\/p>\n<p>See our <a href=\"https:\/\/besttahini.pl\/en\/#przepisy\">recipes<\/a>.<\/p>\n<p><img decoding=\"async\" class=\"alignnone size-full wp-image-2778\" src=\"https:\/\/besttahini.pl\/wp-content\/uploads\/2024\/02\/organic.png\" alt=\"usda organic\" width=\"56\" height=\"56\" \/><\/p>\n<p>USDA Organic products are grown and processed according to USDA Organic standards, including soil and water quality. Organic products are protected by law, inspected by experts, tracked from farm to store, and shaped by public input.<\/p>\n<p>Organic certification: Agrior Ltd.<\/p>\n<p><img decoding=\"async\" src=\"https:\/\/besttahini.pl\/wp-content\/uploads\/2023\/12\/certifications-1.png\" alt=\"null\" \/><\/p>\n<p>&nbsp;<\/p>","protected":false},"excerpt":{"rendered":"<p>Organic. Creamy. Easy to squeeze. Naturally smooth.<\/p>\n<p>Net weight \u2013 310g \/ 10.9oz<\/p>\n<p>Since all the products we sell <strong>are in stock<\/strong>, orders placed by 12:00 noon are usually <strong>shipped the same day.<\/strong>.<\/p>","protected":false},"featured_media":2981,"comment_status":"open","ping_status":"closed","template":"","meta":[],"product_brand":[],"product_cat":[59,55],"product_tag":[63,85,57,61],"class_list":{"0":"post-2416","1":"product","2":"type-product","3":"status-publish","4":"has-post-thumbnail","6":"product_cat-organiczna-al-arz-tahini","7":"product_cat-pasta-sezamowa-tahini","8":"product_tag-koszerna-tahini","9":"product_tag-organiczne-tahini","10":"product_tag-pasta-sezamowa","11":"product_tag-pasta-tahini","13":"first","14":"outofstock","15":"sale","16":"featured","17":"shipping-taxable","18":"purchasable","19":"product-type-simple"},"yoast_head":"<!-- This site is optimized with the Yoast SEO Premium plugin v25.4 (Yoast SEO v26.1.1) - https:\/\/yoast.com\/wordpress\/plugins\/seo\/ -->\n<title>Organiczna Tahini Mighty Sesame - www.besttahini.pl<\/title>\n<meta name=\"description\" content=\"Organiczna Tahini Mighty Sesame Kremowa, gotowa do u\u017cycia organiczna tahini. 100% naturalna, 100% g\u0142adka. Organiczna. Koszerna. Wega\u0144ska.\" \/>\n<meta name=\"robots\" content=\"index, follow, max-snippet:-1, max-image-preview:large, max-video-preview:-1\" \/>\n<link rel=\"canonical\" href=\"https:\/\/besttahini.pl\/en\/product\/organiczna-tahini-mighty-sesame-co\/\" \/>\n<meta property=\"og:locale\" content=\"en_GB\" \/>\n<meta property=\"og:type\" content=\"article\" \/>\n<meta property=\"og:title\" content=\"Organiczna pasta sezamowa tahini Mighty Sesame Co.\" \/>\n<meta property=\"og:description\" content=\"Organiczna Tahini Mighty Sesame Kremowa, gotowa do u\u017cycia organiczna tahini. 100% naturalna, 100% g\u0142adka. Organiczna. Koszerna. Wega\u0144ska.\" \/>\n<meta property=\"og:url\" content=\"https:\/\/besttahini.pl\/en\/product\/organiczna-tahini-mighty-sesame-co\/\" \/>\n<meta property=\"og:site_name\" content=\"Best Tahini\" \/>\n<meta property=\"article:modified_time\" content=\"2025-08-05T13:20:53+00:00\" \/>\n<meta property=\"og:image\" content=\"https:\/\/besttahini.pl\/wp-content\/uploads\/2023\/12\/migdhty-organic-tahini-front-n.webp\" \/>\n\t<meta property=\"og:image:width\" content=\"1000\" \/>\n\t<meta property=\"og:image:height\" content=\"1000\" \/>\n\t<meta property=\"og:image:type\" content=\"image\/webp\" \/>\n<meta name=\"twitter:card\" content=\"summary_large_image\" \/>\n<meta name=\"twitter:label1\" content=\"Estimated reading time\" \/>\n\t<meta name=\"twitter:data1\" content=\"2 minutes\" \/>\n<script type=\"application\/ld+json\" class=\"yoast-schema-graph\">{\"@context\":\"https:\/\/schema.org\",\"@graph\":[{\"@type\":\"WebPage\",\"@id\":\"https:\/\/besttahini.pl\/produkt\/organiczna-tahini-mighty-sesame-co\/\",\"url\":\"https:\/\/besttahini.pl\/produkt\/organiczna-tahini-mighty-sesame-co\/\",\"name\":\"Organiczna Tahini Mighty Sesame - www.besttahini.pl\",\"isPartOf\":{\"@id\":\"https:\/\/besttahini.pl\/#website\"},\"primaryImageOfPage\":{\"@id\":\"https:\/\/besttahini.pl\/produkt\/organiczna-tahini-mighty-sesame-co\/#primaryimage\"},\"image\":{\"@id\":\"https:\/\/besttahini.pl\/produkt\/organiczna-tahini-mighty-sesame-co\/#primaryimage\"},\"thumbnailUrl\":\"https:\/\/besttahini.pl\/wp-content\/uploads\/2023\/12\/migdhty-organic-tahini-front-n.webp\",\"datePublished\":\"2023-12-22T11:25:27+00:00\",\"dateModified\":\"2025-08-05T13:20:53+00:00\",\"description\":\"Organiczna Tahini Mighty Sesame Kremowa, gotowa do u\u017cycia organiczna tahini. 100% naturalna, 100% g\u0142adka. Organiczna. Koszerna. Wega\u0144ska.\",\"breadcrumb\":{\"@id\":\"https:\/\/besttahini.pl\/produkt\/organiczna-tahini-mighty-sesame-co\/#breadcrumb\"},\"inLanguage\":\"en-GB\",\"potentialAction\":[{\"@type\":\"ReadAction\",\"target\":[\"https:\/\/besttahini.pl\/produkt\/organiczna-tahini-mighty-sesame-co\/\"]}]},{\"@type\":\"ImageObject\",\"inLanguage\":\"en-GB\",\"@id\":\"https:\/\/besttahini.pl\/produkt\/organiczna-tahini-mighty-sesame-co\/#primaryimage\",\"url\":\"https:\/\/besttahini.pl\/wp-content\/uploads\/2023\/12\/migdhty-organic-tahini-front-n.webp\",\"contentUrl\":\"https:\/\/besttahini.pl\/wp-content\/uploads\/2023\/12\/migdhty-organic-tahini-front-n.webp\",\"width\":1000,\"height\":1000,\"caption\":\"mighty sesame organic tahini\"},{\"@type\":\"BreadcrumbList\",\"@id\":\"https:\/\/besttahini.pl\/produkt\/organiczna-tahini-mighty-sesame-co\/#breadcrumb\",\"itemListElement\":[{\"@type\":\"ListItem\",\"position\":1,\"name\":\"Strona g\u0142\u00f3wna\",\"item\":\"https:\/\/besttahini.pl\/\"},{\"@type\":\"ListItem\",\"position\":2,\"name\":\"Sklep Best Tahini\",\"item\":\"https:\/\/besttahini.pl\/sklep\/\"},{\"@type\":\"ListItem\",\"position\":3,\"name\":\"Organiczna pasta sezamowa tahini Mighty Sesame Co.\"}]},{\"@type\":\"WebSite\",\"@id\":\"https:\/\/besttahini.pl\/#website\",\"url\":\"https:\/\/besttahini.pl\/\",\"name\":\"Best Tahini\",\"description\":\"Pasty sezamowe premium\",\"publisher\":{\"@id\":\"https:\/\/besttahini.pl\/#organization\"},\"potentialAction\":[{\"@type\":\"SearchAction\",\"target\":{\"@type\":\"EntryPoint\",\"urlTemplate\":\"https:\/\/besttahini.pl\/?s={search_term_string}\"},\"query-input\":{\"@type\":\"PropertyValueSpecification\",\"valueRequired\":true,\"valueName\":\"search_term_string\"}}],\"inLanguage\":\"en-GB\"},{\"@type\":\"Organization\",\"@id\":\"https:\/\/besttahini.pl\/#organization\",\"name\":\"Best Tahini\",\"url\":\"https:\/\/besttahini.pl\/\",\"logo\":{\"@type\":\"ImageObject\",\"inLanguage\":\"en-GB\",\"@id\":\"https:\/\/besttahini.pl\/#\/schema\/logo\/image\/\",\"url\":\"https:\/\/besttahini.pl\/wp-content\/uploads\/2023\/05\/cropped-cropped-logo-best-tahini2.png\",\"contentUrl\":\"https:\/\/besttahini.pl\/wp-content\/uploads\/2023\/05\/cropped-cropped-logo-best-tahini2.png\",\"width\":300,\"height\":67,\"caption\":\"Best Tahini\"},\"image\":{\"@id\":\"https:\/\/besttahini.pl\/#\/schema\/logo\/image\/\"}}]}<\/script>\n<!-- \/ Yoast SEO Premium plugin. -->","yoast_head_json":{"title":"Organiczna Tahini Mighty Sesame - www.besttahini.pl","description":"Organiczna Tahini Mighty Sesame Kremowa, gotowa do u\u017cycia organiczna tahini. 100% naturalna, 100% g\u0142adka. Organiczna. Koszerna. Wega\u0144ska.","robots":{"index":"index","follow":"follow","max-snippet":"max-snippet:-1","max-image-preview":"max-image-preview:large","max-video-preview":"max-video-preview:-1"},"canonical":"https:\/\/besttahini.pl\/en\/product\/organiczna-tahini-mighty-sesame-co\/","og_locale":"en_GB","og_type":"article","og_title":"Organiczna pasta sezamowa tahini Mighty Sesame Co.","og_description":"Organiczna Tahini Mighty Sesame Kremowa, gotowa do u\u017cycia organiczna tahini. 100% naturalna, 100% g\u0142adka. Organiczna. Koszerna. Wega\u0144ska.","og_url":"https:\/\/besttahini.pl\/en\/product\/organiczna-tahini-mighty-sesame-co\/","og_site_name":"Best Tahini","article_modified_time":"2025-08-05T13:20:53+00:00","og_image":[{"width":1000,"height":1000,"url":"https:\/\/besttahini.pl\/wp-content\/uploads\/2023\/12\/migdhty-organic-tahini-front-n.webp","type":"image\/webp"}],"twitter_card":"summary_large_image","twitter_misc":{"Estimated reading time":"2 minutes"},"schema":{"@context":"https:\/\/schema.org","@graph":[{"@type":"WebPage","@id":"https:\/\/besttahini.pl\/produkt\/organiczna-tahini-mighty-sesame-co\/","url":"https:\/\/besttahini.pl\/produkt\/organiczna-tahini-mighty-sesame-co\/","name":"Organiczna Tahini Mighty Sesame - www.besttahini.pl","isPartOf":{"@id":"https:\/\/besttahini.pl\/#website"},"primaryImageOfPage":{"@id":"https:\/\/besttahini.pl\/produkt\/organiczna-tahini-mighty-sesame-co\/#primaryimage"},"image":{"@id":"https:\/\/besttahini.pl\/produkt\/organiczna-tahini-mighty-sesame-co\/#primaryimage"},"thumbnailUrl":"https:\/\/besttahini.pl\/wp-content\/uploads\/2023\/12\/migdhty-organic-tahini-front-n.webp","datePublished":"2023-12-22T11:25:27+00:00","dateModified":"2025-08-05T13:20:53+00:00","description":"Organiczna Tahini Mighty Sesame Kremowa, gotowa do u\u017cycia organiczna tahini. 100% naturalna, 100% g\u0142adka. Organiczna. Koszerna. Wega\u0144ska.","breadcrumb":{"@id":"https:\/\/besttahini.pl\/produkt\/organiczna-tahini-mighty-sesame-co\/#breadcrumb"},"inLanguage":"en-GB","potentialAction":[{"@type":"ReadAction","target":["https:\/\/besttahini.pl\/produkt\/organiczna-tahini-mighty-sesame-co\/"]}]},{"@type":"ImageObject","inLanguage":"en-GB","@id":"https:\/\/besttahini.pl\/produkt\/organiczna-tahini-mighty-sesame-co\/#primaryimage","url":"https:\/\/besttahini.pl\/wp-content\/uploads\/2023\/12\/migdhty-organic-tahini-front-n.webp","contentUrl":"https:\/\/besttahini.pl\/wp-content\/uploads\/2023\/12\/migdhty-organic-tahini-front-n.webp","width":1000,"height":1000,"caption":"mighty sesame organic tahini"},{"@type":"BreadcrumbList","@id":"https:\/\/besttahini.pl\/produkt\/organiczna-tahini-mighty-sesame-co\/#breadcrumb","itemListElement":[{"@type":"ListItem","position":1,"name":"Strona g\u0142\u00f3wna","item":"https:\/\/besttahini.pl\/"},{"@type":"ListItem","position":2,"name":"Sklep Best Tahini","item":"https:\/\/besttahini.pl\/sklep\/"},{"@type":"ListItem","position":3,"name":"Organiczna pasta sezamowa tahini Mighty Sesame Co."}]},{"@type":"WebSite","@id":"https:\/\/besttahini.pl\/#website","url":"https:\/\/besttahini.pl\/","name":"Best Tahini","description":"Premium sesame pastes","publisher":{"@id":"https:\/\/besttahini.pl\/#organization"},"potentialAction":[{"@type":"SearchAction","target":{"@type":"EntryPoint","urlTemplate":"https:\/\/besttahini.pl\/?s={search_term_string}"},"query-input":{"@type":"PropertyValueSpecification","valueRequired":true,"valueName":"search_term_string"}}],"inLanguage":"en-GB"},{"@type":"Organization","@id":"https:\/\/besttahini.pl\/#organization","name":"Best Tahini","url":"https:\/\/besttahini.pl\/","logo":{"@type":"ImageObject","inLanguage":"en-GB","@id":"https:\/\/besttahini.pl\/#\/schema\/logo\/image\/","url":"https:\/\/besttahini.pl\/wp-content\/uploads\/2023\/05\/cropped-cropped-logo-best-tahini2.png","contentUrl":"https:\/\/besttahini.pl\/wp-content\/uploads\/2023\/05\/cropped-cropped-logo-best-tahini2.png","width":300,"height":67,"caption":"Best Tahini"},"image":{"@id":"https:\/\/besttahini.pl\/#\/schema\/logo\/image\/"}}]}},"_links":{"self":[{"href":"https:\/\/besttahini.pl\/en\/wp-json\/wp\/v2\/product\/2416","targetHints":{"allow":["GET"]}}],"collection":[{"href":"https:\/\/besttahini.pl\/en\/wp-json\/wp\/v2\/product"}],"about":[{"href":"https:\/\/besttahini.pl\/en\/wp-json\/wp\/v2\/types\/product"}],"replies":[{"embeddable":true,"href":"https:\/\/besttahini.pl\/en\/wp-json\/wp\/v2\/comments?post=2416"}],"wp:featuredmedia":[{"embeddable":true,"href":"https:\/\/besttahini.pl\/en\/wp-json\/wp\/v2\/media\/2981"}],"wp:attachment":[{"href":"https:\/\/besttahini.pl\/en\/wp-json\/wp\/v2\/media?parent=2416"}],"wp:term":[{"taxonomy":"product_brand","embeddable":true,"href":"https:\/\/besttahini.pl\/en\/wp-json\/wp\/v2\/product_brand?post=2416"},{"taxonomy":"product_cat","embeddable":true,"href":"https:\/\/besttahini.pl\/en\/wp-json\/wp\/v2\/product_cat?post=2416"},{"taxonomy":"product_tag","embeddable":true,"href":"https:\/\/besttahini.pl\/en\/wp-json\/wp\/v2\/product_tag?post=2416"}],"curies":[{"name":"wp","href":"https:\/\/api.w.org\/{rel}","templated":true}]}}