{"id":1692,"date":"2023-05-18T16:18:04","date_gmt":"2023-05-18T14:18:04","guid":{"rendered":"https:\/\/besttahini.pl\/?post_type=product&#038;p=1692"},"modified":"2026-01-24T14:09:06","modified_gmt":"2026-01-24T13:09:06","slug":"al-arz-tahini-100-pelnoziarnista-pasta-sezamowa","status":"publish","type":"product","link":"https:\/\/besttahini.pl\/en\/product\/al-arz-tahini-100-pelnoziarnista-pasta-sezamowa\/","title":{"rendered":"Al Arz Tahini \u2013 100% Whole Grain Sesame Paste"},"content":{"rendered":"<h2>Al Arz Tahini \u2013 100% Whole Grain Sesame Paste<\/h2>\n<p><img decoding=\"async\" class=\"alignnone size-full wp-image-2992\" src=\"https:\/\/besttahini.pl\/wp-content\/uploads\/2023\/05\/al-arz-logo-small.png\" alt=\"al arz tahini\" width=\"150\" height=\"99\" \/><\/p>\n<p>Al Arz Tahini \u2013 100% Whole Grain Sesame Paste is a high-quality tahini made from peeled, roasted, and ground sesame seeds, with no added ingredients.<br \/>\nAt Al Arz, the highest quality tahini is made from the best Ethiopian sesame seeds grown in the renowned Humra region. This tahini has a deep, nutty, full flavor. It is not sticky and is perfect for hummus, baba ghanoush, tahini sauces, or as a complement to falafel. Recommended by restaurant owners specializing in Middle Eastern cuisine.<\/p>\n<p>Al Arz Tahini \u2013 100% Whole Grain Sesame Paste is ideal for vegans, containing no chemical additives, artificial colors, flavors, preservatives, or lactose. All Al Arz products are gluten-free and certified Kosher Parve.<\/p>\n<p>See our <a href=\"https:\/\/besttahini.pl\/en\/#przepisy\">recipes<\/a>.<\/p>\n<p><img decoding=\"async\" src=\"https:\/\/besttahini.pl\/wp-content\/uploads\/2023\/11\/specyfikacja_allegro.webp\" alt=\"null\" \/><\/p>\n<h2>What makes Al Arz Tahini unique?<\/h2>\n<p><strong>100% Ingredients:<\/strong><br \/>\nAl Arz tahini is made only from sesame seeds, meaning it contains no artificial additives, pesticides, or chemicals.<\/p>\n<p><strong>Natural taste and aroma: <\/strong><br \/>\nWithout a doubt, Al Arz Whole Grain Tahini Paste is known for its intense sesame flavor, which gives dishes a unique character.<\/p>\n<h3>Rich in nutrients:<\/h3>\n<p>The sesame seeds used to make tahini are a source of protein, fiber, vitamins (such as B6, E, and folic acid), and minerals including calcium, iron, magnesium, and phosphorus.<\/p>\n<p>When you choose Al Arz Tahini, you choose a high-quality product with an authentic taste that adds a unique aroma to many dishes. If you are a fan of Mediterranean or Middle Eastern cuisine, this organic sesame paste can become an invaluable ingredient in your kitchen.<\/p>\n<p>&nbsp;<\/p>\n<h3><strong class=\"opis_strong\">Nutritional value per 100g:<\/strong><\/h3>\n<p>Energy value: 2785 kJ \/ 674 kcal<br \/>\nFat: 61 g<br \/>\n\u2013 Saturated: 9.2 g<br \/>\nCarbohydrates: 2.6 g<br \/>\n\u2013 of which sugars: 2.4 g<br \/>\nFiber: 9.0 g<br \/>\nProtein: 25 g<br \/>\nSalt: 0.7 g<br \/>\nCalcium: 720 mg<br \/>\nIron: 10.1 mg<\/p>","protected":false},"excerpt":{"rendered":"<p>Net weight \u2013 453g<\/p>\n<p><strong>Orders placed before 12:00 are shipped \u2013 securely packaged \u2013 usually the same day!<\/strong><\/p>","protected":false},"featured_media":3015,"comment_status":"open","ping_status":"closed","template":"","meta":[],"product_brand":[],"product_cat":[54,55,60],"product_tag":[84,62],"class_list":{"0":"post-1692","1":"product","2":"type-product","3":"status-publish","4":"has-post-thumbnail","6":"product_cat-al-arz","7":"product_cat-pasta-sezamowa-tahini","8":"product_cat-pelnoziarnista","9":"product_tag-pelnoziarnista-tahini","10":"product_tag-tahini-al-arz","12":"first","13":"outofstock","14":"sale","15":"shipping-taxable","16":"purchasable","17":"product-type-simple"},"yoast_head":"<!-- This site is optimized with the Yoast SEO Premium plugin v25.4 (Yoast SEO v26.1.1) - https:\/\/yoast.com\/wordpress\/plugins\/seo\/ -->\n<title>Al Arz Tahini - Pe\u0142noziarnista Pasta Sezamowa 100% | besttahini.pl<\/title>\n<meta name=\"description\" content=\"Al Arz Tahini - Pe\u0142noziarnista Pasta Sezamowa 100%, to jedyne 100% pe\u0142noziarniste Premium Tahini od Al Arz! Koszerne. Idealne!\" \/>\n<meta name=\"robots\" content=\"index, follow, max-snippet:-1, max-image-preview:large, max-video-preview:-1\" \/>\n<link rel=\"canonical\" href=\"https:\/\/besttahini.pl\/en\/product\/al-arz-tahini-100-pelnoziarnista-pasta-sezamowa\/\" \/>\n<meta property=\"og:locale\" content=\"en_GB\" \/>\n<meta property=\"og:type\" content=\"article\" \/>\n<meta property=\"og:title\" content=\"Al Arz Tahini - Pe\u0142noziarnista Pasta Sezamowa 100%\" \/>\n<meta property=\"og:description\" content=\"Al Arz Tahini - Pe\u0142noziarnista Pasta Sezamowa 100%, to jedyne 100% pe\u0142noziarniste Premium Tahini od Al Arz! Koszerne. Idealne!\" \/>\n<meta property=\"og:url\" content=\"https:\/\/besttahini.pl\/en\/product\/al-arz-tahini-100-pelnoziarnista-pasta-sezamowa\/\" \/>\n<meta property=\"og:site_name\" content=\"Best Tahini\" \/>\n<meta property=\"article:modified_time\" content=\"2026-01-24T13:09:06+00:00\" \/>\n<meta property=\"og:image\" content=\"https:\/\/besttahini.pl\/wp-content\/uploads\/2023\/05\/al-arz-tahini-whole.webp\" \/>\n\t<meta property=\"og:image:width\" content=\"1000\" \/>\n\t<meta property=\"og:image:height\" content=\"1000\" \/>\n\t<meta property=\"og:image:type\" content=\"image\/webp\" \/>\n<meta name=\"twitter:card\" content=\"summary_large_image\" \/>\n<meta name=\"twitter:label1\" content=\"Estimated reading time\" \/>\n\t<meta name=\"twitter:data1\" content=\"3 minutes\" \/>\n<script type=\"application\/ld+json\" class=\"yoast-schema-graph\">{\"@context\":\"https:\/\/schema.org\",\"@graph\":[{\"@type\":\"WebPage\",\"@id\":\"https:\/\/besttahini.pl\/produkt\/al-arz-tahini-100-pelnoziarnista-pasta-sezamowa\/\",\"url\":\"https:\/\/besttahini.pl\/produkt\/al-arz-tahini-100-pelnoziarnista-pasta-sezamowa\/\",\"name\":\"Al Arz Tahini - Pe\u0142noziarnista Pasta Sezamowa 100% | besttahini.pl\",\"isPartOf\":{\"@id\":\"https:\/\/besttahini.pl\/#website\"},\"primaryImageOfPage\":{\"@id\":\"https:\/\/besttahini.pl\/produkt\/al-arz-tahini-100-pelnoziarnista-pasta-sezamowa\/#primaryimage\"},\"image\":{\"@id\":\"https:\/\/besttahini.pl\/produkt\/al-arz-tahini-100-pelnoziarnista-pasta-sezamowa\/#primaryimage\"},\"thumbnailUrl\":\"https:\/\/besttahini.pl\/wp-content\/uploads\/2023\/05\/al-arz-tahini-whole.webp\",\"datePublished\":\"2023-05-18T14:18:04+00:00\",\"dateModified\":\"2026-01-24T13:09:06+00:00\",\"description\":\"Al Arz Tahini - Pe\u0142noziarnista Pasta Sezamowa 100%, to jedyne 100% pe\u0142noziarniste Premium Tahini od Al Arz! Koszerne. Idealne!\",\"breadcrumb\":{\"@id\":\"https:\/\/besttahini.pl\/produkt\/al-arz-tahini-100-pelnoziarnista-pasta-sezamowa\/#breadcrumb\"},\"inLanguage\":\"en-GB\",\"potentialAction\":[{\"@type\":\"ReadAction\",\"target\":[\"https:\/\/besttahini.pl\/produkt\/al-arz-tahini-100-pelnoziarnista-pasta-sezamowa\/\"]}]},{\"@type\":\"ImageObject\",\"inLanguage\":\"en-GB\",\"@id\":\"https:\/\/besttahini.pl\/produkt\/al-arz-tahini-100-pelnoziarnista-pasta-sezamowa\/#primaryimage\",\"url\":\"https:\/\/besttahini.pl\/wp-content\/uploads\/2023\/05\/al-arz-tahini-whole.webp\",\"contentUrl\":\"https:\/\/besttahini.pl\/wp-content\/uploads\/2023\/05\/al-arz-tahini-whole.webp\",\"width\":1000,\"height\":1000,\"caption\":\"al arz tahini whole\"},{\"@type\":\"BreadcrumbList\",\"@id\":\"https:\/\/besttahini.pl\/produkt\/al-arz-tahini-100-pelnoziarnista-pasta-sezamowa\/#breadcrumb\",\"itemListElement\":[{\"@type\":\"ListItem\",\"position\":1,\"name\":\"Strona g\u0142\u00f3wna\",\"item\":\"https:\/\/besttahini.pl\/\"},{\"@type\":\"ListItem\",\"position\":2,\"name\":\"Sklep Best Tahini\",\"item\":\"https:\/\/besttahini.pl\/sklep\/\"},{\"@type\":\"ListItem\",\"position\":3,\"name\":\"Al Arz Tahini &#8211; Pe\u0142noziarnista Pasta Sezamowa 100%\"}]},{\"@type\":\"WebSite\",\"@id\":\"https:\/\/besttahini.pl\/#website\",\"url\":\"https:\/\/besttahini.pl\/\",\"name\":\"Best Tahini\",\"description\":\"Pasty sezamowe premium\",\"publisher\":{\"@id\":\"https:\/\/besttahini.pl\/#organization\"},\"potentialAction\":[{\"@type\":\"SearchAction\",\"target\":{\"@type\":\"EntryPoint\",\"urlTemplate\":\"https:\/\/besttahini.pl\/?s={search_term_string}\"},\"query-input\":{\"@type\":\"PropertyValueSpecification\",\"valueRequired\":true,\"valueName\":\"search_term_string\"}}],\"inLanguage\":\"en-GB\"},{\"@type\":\"Organization\",\"@id\":\"https:\/\/besttahini.pl\/#organization\",\"name\":\"Best Tahini\",\"url\":\"https:\/\/besttahini.pl\/\",\"logo\":{\"@type\":\"ImageObject\",\"inLanguage\":\"en-GB\",\"@id\":\"https:\/\/besttahini.pl\/#\/schema\/logo\/image\/\",\"url\":\"https:\/\/besttahini.pl\/wp-content\/uploads\/2023\/05\/cropped-cropped-logo-best-tahini2.png\",\"contentUrl\":\"https:\/\/besttahini.pl\/wp-content\/uploads\/2023\/05\/cropped-cropped-logo-best-tahini2.png\",\"width\":300,\"height\":67,\"caption\":\"Best Tahini\"},\"image\":{\"@id\":\"https:\/\/besttahini.pl\/#\/schema\/logo\/image\/\"}}]}<\/script>\n<!-- \/ Yoast SEO Premium plugin. -->","yoast_head_json":{"title":"Al Arz Tahini - Pe\u0142noziarnista Pasta Sezamowa 100% | besttahini.pl","description":"Al Arz Tahini - Pe\u0142noziarnista Pasta Sezamowa 100%, to jedyne 100% pe\u0142noziarniste Premium Tahini od Al Arz! Koszerne. Idealne!","robots":{"index":"index","follow":"follow","max-snippet":"max-snippet:-1","max-image-preview":"max-image-preview:large","max-video-preview":"max-video-preview:-1"},"canonical":"https:\/\/besttahini.pl\/en\/product\/al-arz-tahini-100-pelnoziarnista-pasta-sezamowa\/","og_locale":"en_GB","og_type":"article","og_title":"Al Arz Tahini - Pe\u0142noziarnista Pasta Sezamowa 100%","og_description":"Al Arz Tahini - Pe\u0142noziarnista Pasta Sezamowa 100%, to jedyne 100% pe\u0142noziarniste Premium Tahini od Al Arz! Koszerne. Idealne!","og_url":"https:\/\/besttahini.pl\/en\/product\/al-arz-tahini-100-pelnoziarnista-pasta-sezamowa\/","og_site_name":"Best Tahini","article_modified_time":"2026-01-24T13:09:06+00:00","og_image":[{"width":1000,"height":1000,"url":"https:\/\/besttahini.pl\/wp-content\/uploads\/2023\/05\/al-arz-tahini-whole.webp","type":"image\/webp"}],"twitter_card":"summary_large_image","twitter_misc":{"Estimated reading time":"3 minutes"},"schema":{"@context":"https:\/\/schema.org","@graph":[{"@type":"WebPage","@id":"https:\/\/besttahini.pl\/produkt\/al-arz-tahini-100-pelnoziarnista-pasta-sezamowa\/","url":"https:\/\/besttahini.pl\/produkt\/al-arz-tahini-100-pelnoziarnista-pasta-sezamowa\/","name":"Al Arz Tahini - Pe\u0142noziarnista Pasta Sezamowa 100% | besttahini.pl","isPartOf":{"@id":"https:\/\/besttahini.pl\/#website"},"primaryImageOfPage":{"@id":"https:\/\/besttahini.pl\/produkt\/al-arz-tahini-100-pelnoziarnista-pasta-sezamowa\/#primaryimage"},"image":{"@id":"https:\/\/besttahini.pl\/produkt\/al-arz-tahini-100-pelnoziarnista-pasta-sezamowa\/#primaryimage"},"thumbnailUrl":"https:\/\/besttahini.pl\/wp-content\/uploads\/2023\/05\/al-arz-tahini-whole.webp","datePublished":"2023-05-18T14:18:04+00:00","dateModified":"2026-01-24T13:09:06+00:00","description":"Al Arz Tahini - Pe\u0142noziarnista Pasta Sezamowa 100%, to jedyne 100% pe\u0142noziarniste Premium Tahini od Al Arz! Koszerne. Idealne!","breadcrumb":{"@id":"https:\/\/besttahini.pl\/produkt\/al-arz-tahini-100-pelnoziarnista-pasta-sezamowa\/#breadcrumb"},"inLanguage":"en-GB","potentialAction":[{"@type":"ReadAction","target":["https:\/\/besttahini.pl\/produkt\/al-arz-tahini-100-pelnoziarnista-pasta-sezamowa\/"]}]},{"@type":"ImageObject","inLanguage":"en-GB","@id":"https:\/\/besttahini.pl\/produkt\/al-arz-tahini-100-pelnoziarnista-pasta-sezamowa\/#primaryimage","url":"https:\/\/besttahini.pl\/wp-content\/uploads\/2023\/05\/al-arz-tahini-whole.webp","contentUrl":"https:\/\/besttahini.pl\/wp-content\/uploads\/2023\/05\/al-arz-tahini-whole.webp","width":1000,"height":1000,"caption":"al arz tahini whole"},{"@type":"BreadcrumbList","@id":"https:\/\/besttahini.pl\/produkt\/al-arz-tahini-100-pelnoziarnista-pasta-sezamowa\/#breadcrumb","itemListElement":[{"@type":"ListItem","position":1,"name":"Strona g\u0142\u00f3wna","item":"https:\/\/besttahini.pl\/"},{"@type":"ListItem","position":2,"name":"Sklep Best Tahini","item":"https:\/\/besttahini.pl\/sklep\/"},{"@type":"ListItem","position":3,"name":"Al Arz Tahini &#8211; Pe\u0142noziarnista Pasta Sezamowa 100%"}]},{"@type":"WebSite","@id":"https:\/\/besttahini.pl\/#website","url":"https:\/\/besttahini.pl\/","name":"Best Tahini","description":"Premium sesame pastes","publisher":{"@id":"https:\/\/besttahini.pl\/#organization"},"potentialAction":[{"@type":"SearchAction","target":{"@type":"EntryPoint","urlTemplate":"https:\/\/besttahini.pl\/?s={search_term_string}"},"query-input":{"@type":"PropertyValueSpecification","valueRequired":true,"valueName":"search_term_string"}}],"inLanguage":"en-GB"},{"@type":"Organization","@id":"https:\/\/besttahini.pl\/#organization","name":"Best Tahini","url":"https:\/\/besttahini.pl\/","logo":{"@type":"ImageObject","inLanguage":"en-GB","@id":"https:\/\/besttahini.pl\/#\/schema\/logo\/image\/","url":"https:\/\/besttahini.pl\/wp-content\/uploads\/2023\/05\/cropped-cropped-logo-best-tahini2.png","contentUrl":"https:\/\/besttahini.pl\/wp-content\/uploads\/2023\/05\/cropped-cropped-logo-best-tahini2.png","width":300,"height":67,"caption":"Best Tahini"},"image":{"@id":"https:\/\/besttahini.pl\/#\/schema\/logo\/image\/"}}]}},"_links":{"self":[{"href":"https:\/\/besttahini.pl\/en\/wp-json\/wp\/v2\/product\/1692","targetHints":{"allow":["GET"]}}],"collection":[{"href":"https:\/\/besttahini.pl\/en\/wp-json\/wp\/v2\/product"}],"about":[{"href":"https:\/\/besttahini.pl\/en\/wp-json\/wp\/v2\/types\/product"}],"replies":[{"embeddable":true,"href":"https:\/\/besttahini.pl\/en\/wp-json\/wp\/v2\/comments?post=1692"}],"wp:featuredmedia":[{"embeddable":true,"href":"https:\/\/besttahini.pl\/en\/wp-json\/wp\/v2\/media\/3015"}],"wp:attachment":[{"href":"https:\/\/besttahini.pl\/en\/wp-json\/wp\/v2\/media?parent=1692"}],"wp:term":[{"taxonomy":"product_brand","embeddable":true,"href":"https:\/\/besttahini.pl\/en\/wp-json\/wp\/v2\/product_brand?post=1692"},{"taxonomy":"product_cat","embeddable":true,"href":"https:\/\/besttahini.pl\/en\/wp-json\/wp\/v2\/product_cat?post=1692"},{"taxonomy":"product_tag","embeddable":true,"href":"https:\/\/besttahini.pl\/en\/wp-json\/wp\/v2\/product_tag?post=1692"}],"curies":[{"name":"wp","href":"https:\/\/api.w.org\/{rel}","templated":true}]}}