{"id":1448,"date":"2023-05-17T21:06:58","date_gmt":"2023-05-17T19:06:58","guid":{"rendered":"http:\/\/besttahini.pl\/produkt\/hoodie-with-logo\/"},"modified":"2026-04-16T01:28:19","modified_gmt":"2026-04-15T23:28:19","slug":"al-arz-tahini-pasta-sezamowa","status":"publish","type":"product","link":"https:\/\/besttahini.pl\/en\/product\/al-arz-tahini-pasta-sezamowa\/","title":{"rendered":"Al Arz Tahini &#8211; 100% Sesame Paste"},"content":{"rendered":"<h2>Al Arz Tahini &#8211; 100% Sesame Paste<\/h2>\n<p><img decoding=\"async\" class=\"alignnone size-full wp-image-2992\" src=\"https:\/\/besttahini.pl\/wp-content\/uploads\/2023\/05\/al-arz-logo-small.png\" alt=\"al arz tahini\" width=\"150\" height=\"99\" \/><\/p>\n<p>Al Arz Tahini &#8211; Pasta sezamowa 100% to wysokiej jako\u015bci tahini. Obrane, pra\u017cone i mielone nasiona sezamu, bez dodatkowych sk\u0142adnik\u00f3w.<br \/>\nAt Al Arz, we create the highest quality tahini, made from selected Ethiopian sesame seeds grown in the renowned Humra area. Our tahini has a deep, nutty flavor that adds a unique aroma to dishes. Its texture is not sticky, making it perfect as an addition to hummus, baba ganoush, various tahini sauces, and to complement the flavor of falafel. It is a product recommended by restaurateurs specializing in Middle Eastern cuisines, providing an excellent complement to their dishes.<\/p>\n<p>Al Arz Tahini is perfect for vegans. It contains no chemical additives, artificial colorants, flavors, preservatives, or lactose. All Al Arz products are gluten-free. Check out our other <a href=\"https:\/\/besttahini.pl\/en\/product\/al-arz-tahini-100-pelnoziarnista-pasta-sezamowa\/\">products<\/a>. All Al Arz products are Kosher Parve.<\/p>\n<p>See our <a href=\"https:\/\/besttahini.pl\/en\/#przepisy\">recipes<\/a>.<\/p>\n<p><img decoding=\"async\" src=\"https:\/\/besttahini.pl\/wp-content\/uploads\/2023\/11\/specyfikacja_allegro.webp\" alt=\"null\" \/><\/p>\n<h2>What makes Al Arz Tahini unique?<\/h2>\n<p><strong>100% Ingredients:<\/strong><br \/>\nAl Arz Tahini is made exclusively from sesame seeds, ensuring it is free from artificial additives, pesticides, and chemicals.<\/p>\n<p><strong>Natural Flavor and Aroma:<\/strong><br \/>\nAl Arz Tahini is undoubtedly known for its intense sesame flavor, giving dishes a unique character. It is pleasantly smooth and has a subtle nutty aftertaste.<\/p>\n<p><strong>Rich in Nutrients:<\/strong><br \/>\nSesame seeds, used in the production of the paste, are a rich source of protein, fiber, vitamins (such as B6, E, and folic acid), and minerals, including calcium, iron, magnesium, and phosphorus.<br \/>\n<strong><br \/>\nVersatility in Cooking:<\/strong><br \/>\nAl Arz Tahini oferuje szerokie mo\u017cliwo\u015bci wykorzystania. Mo\u017cesz u\u017cywa\u0107 jej jako bazy do sos\u00f3w i dressing\u00f3w, dodatku do potraw mi\u0119snych, rybnych oraz wegetaria\u0144skich. Jest to te\u017c konieczny sk\u0142adnik hummusu czy s\u0142ynnej pasty sezamowej, znanej jako cha\u0142wa.<\/p>\n<p>When you choose Al Arz Tahini, you are selecting a high-quality product with an authentic taste that adds a unique aroma to many dishes. If you are a fan of Mediterranean or Middle Eastern cuisine, this organic sesame paste can become a valuable ingredient in your kitchen.<\/p>\n<p><strong>Environmental Awareness:<\/strong><br \/>\nProducts such as Al Arz Tahini are made with respect for sustainable farming practices, benefiting the natural environment.<\/p>","protected":false},"excerpt":{"rendered":"<p>Al Arz Tahini \u2013 100% Sesame Paste is a high-quality tahini made from peeled, roasted, and ground sesame seeds, with no additional ingredients.<\/p>\n<p>Net weight \u2013 453g<\/p>\n<p>Orders placed by 12:00 PM <strong>are shipped the same day<\/strong>!<strong><br \/>\n<\/strong><\/p>","protected":false},"featured_media":2994,"comment_status":"open","ping_status":"closed","template":"","meta":[],"product_brand":[],"product_cat":[54,55,86],"product_tag":[63,57,61,62],"class_list":{"0":"post-1448","1":"product","2":"type-product","3":"status-publish","4":"has-post-thumbnail","6":"product_cat-al-arz","7":"product_cat-pasta-sezamowa-tahini","8":"product_cat-pasta-sezamowa-tahini-2","9":"product_tag-koszerna-tahini","10":"product_tag-pasta-sezamowa","11":"product_tag-pasta-tahini","12":"product_tag-tahini-al-arz","14":"first","15":"outofstock","16":"sale","17":"featured","18":"shipping-taxable","19":"purchasable","20":"product-type-simple"},"yoast_head":"<!-- This site is optimized with the Yoast SEO Premium plugin v25.4 (Yoast SEO v26.1.1) - https:\/\/yoast.com\/wordpress\/plugins\/seo\/ -->\n<title>Al Arz Tahini - Pasta sezamowa 100% | www.besttahini.pl<\/title>\n<meta name=\"description\" content=\"Al Arz Tahini - Pasta sezamowa 100%. Jedyna Premium Tahini na rynku. Naturalna, aksamitna, tradycyjna, wega\u0144ska, koszerna.\" \/>\n<meta name=\"robots\" content=\"index, follow, max-snippet:-1, max-image-preview:large, max-video-preview:-1\" \/>\n<link rel=\"canonical\" href=\"https:\/\/besttahini.pl\/en\/product\/al-arz-tahini-pasta-sezamowa\/\" \/>\n<meta property=\"og:locale\" content=\"en_GB\" \/>\n<meta property=\"og:type\" content=\"article\" \/>\n<meta property=\"og:title\" content=\"Al Arz Tahini - Pasta Sezamowa 100%\" \/>\n<meta property=\"og:description\" content=\"Al Arz Tahini - Pasta sezamowa 100%. Jedyna Premium Tahini na rynku. Naturalna, aksamitna, tradycyjna, wega\u0144ska, koszerna.\" \/>\n<meta property=\"og:url\" content=\"https:\/\/besttahini.pl\/en\/product\/al-arz-tahini-pasta-sezamowa\/\" \/>\n<meta property=\"og:site_name\" content=\"Best Tahini\" \/>\n<meta property=\"article:modified_time\" content=\"2026-04-15T23:28:19+00:00\" \/>\n<meta property=\"og:image\" content=\"https:\/\/besttahini.pl\/wp-content\/uploads\/2023\/05\/alarz-reg-tahini-front-n.jpg\" \/>\n\t<meta property=\"og:image:width\" content=\"1000\" \/>\n\t<meta property=\"og:image:height\" content=\"1000\" \/>\n\t<meta property=\"og:image:type\" content=\"image\/jpeg\" \/>\n<meta name=\"twitter:card\" content=\"summary_large_image\" \/>\n<meta name=\"twitter:label1\" content=\"Estimated reading time\" \/>\n\t<meta name=\"twitter:data1\" content=\"3 minutes\" \/>\n<script type=\"application\/ld+json\" class=\"yoast-schema-graph\">{\"@context\":\"https:\/\/schema.org\",\"@graph\":[{\"@type\":\"WebPage\",\"@id\":\"https:\/\/besttahini.pl\/produkt\/al-arz-tahini-pasta-sezamowa\/\",\"url\":\"https:\/\/besttahini.pl\/produkt\/al-arz-tahini-pasta-sezamowa\/\",\"name\":\"Al Arz Tahini - Pasta sezamowa 100% | www.besttahini.pl\",\"isPartOf\":{\"@id\":\"https:\/\/besttahini.pl\/#website\"},\"primaryImageOfPage\":{\"@id\":\"https:\/\/besttahini.pl\/produkt\/al-arz-tahini-pasta-sezamowa\/#primaryimage\"},\"image\":{\"@id\":\"https:\/\/besttahini.pl\/produkt\/al-arz-tahini-pasta-sezamowa\/#primaryimage\"},\"thumbnailUrl\":\"https:\/\/besttahini.pl\/wp-content\/uploads\/2023\/05\/alarz-reg-tahini-front-n.jpg\",\"datePublished\":\"2023-05-17T19:06:58+00:00\",\"dateModified\":\"2026-04-15T23:28:19+00:00\",\"description\":\"Al Arz Tahini - Pasta sezamowa 100%. Jedyna Premium Tahini na rynku. Naturalna, aksamitna, tradycyjna, wega\u0144ska, koszerna.\",\"breadcrumb\":{\"@id\":\"https:\/\/besttahini.pl\/produkt\/al-arz-tahini-pasta-sezamowa\/#breadcrumb\"},\"inLanguage\":\"en-GB\",\"potentialAction\":[{\"@type\":\"ReadAction\",\"target\":[\"https:\/\/besttahini.pl\/produkt\/al-arz-tahini-pasta-sezamowa\/\"]}]},{\"@type\":\"ImageObject\",\"inLanguage\":\"en-GB\",\"@id\":\"https:\/\/besttahini.pl\/produkt\/al-arz-tahini-pasta-sezamowa\/#primaryimage\",\"url\":\"https:\/\/besttahini.pl\/wp-content\/uploads\/2023\/05\/alarz-reg-tahini-front-n.jpg\",\"contentUrl\":\"https:\/\/besttahini.pl\/wp-content\/uploads\/2023\/05\/alarz-reg-tahini-front-n.jpg\",\"width\":1000,\"height\":1000,\"caption\":\"al arz tahini\"},{\"@type\":\"BreadcrumbList\",\"@id\":\"https:\/\/besttahini.pl\/produkt\/al-arz-tahini-pasta-sezamowa\/#breadcrumb\",\"itemListElement\":[{\"@type\":\"ListItem\",\"position\":1,\"name\":\"Strona g\u0142\u00f3wna\",\"item\":\"https:\/\/besttahini.pl\/\"},{\"@type\":\"ListItem\",\"position\":2,\"name\":\"Sklep Best Tahini\",\"item\":\"https:\/\/besttahini.pl\/sklep\/\"},{\"@type\":\"ListItem\",\"position\":3,\"name\":\"Al Arz Tahini &#8211; Pasta Sezamowa 100%\"}]},{\"@type\":\"WebSite\",\"@id\":\"https:\/\/besttahini.pl\/#website\",\"url\":\"https:\/\/besttahini.pl\/\",\"name\":\"Best Tahini\",\"description\":\"Pasty sezamowe premium\",\"publisher\":{\"@id\":\"https:\/\/besttahini.pl\/#organization\"},\"potentialAction\":[{\"@type\":\"SearchAction\",\"target\":{\"@type\":\"EntryPoint\",\"urlTemplate\":\"https:\/\/besttahini.pl\/?s={search_term_string}\"},\"query-input\":{\"@type\":\"PropertyValueSpecification\",\"valueRequired\":true,\"valueName\":\"search_term_string\"}}],\"inLanguage\":\"en-GB\"},{\"@type\":\"Organization\",\"@id\":\"https:\/\/besttahini.pl\/#organization\",\"name\":\"Best Tahini\",\"url\":\"https:\/\/besttahini.pl\/\",\"logo\":{\"@type\":\"ImageObject\",\"inLanguage\":\"en-GB\",\"@id\":\"https:\/\/besttahini.pl\/#\/schema\/logo\/image\/\",\"url\":\"https:\/\/besttahini.pl\/wp-content\/uploads\/2023\/05\/cropped-cropped-logo-best-tahini2.png\",\"contentUrl\":\"https:\/\/besttahini.pl\/wp-content\/uploads\/2023\/05\/cropped-cropped-logo-best-tahini2.png\",\"width\":300,\"height\":67,\"caption\":\"Best Tahini\"},\"image\":{\"@id\":\"https:\/\/besttahini.pl\/#\/schema\/logo\/image\/\"}}]}<\/script>\n<!-- \/ Yoast SEO Premium plugin. -->","yoast_head_json":{"title":"Al Arz Tahini - Pasta sezamowa 100% | www.besttahini.pl","description":"Al Arz Tahini - Pasta sezamowa 100%. Jedyna Premium Tahini na rynku. Naturalna, aksamitna, tradycyjna, wega\u0144ska, koszerna.","robots":{"index":"index","follow":"follow","max-snippet":"max-snippet:-1","max-image-preview":"max-image-preview:large","max-video-preview":"max-video-preview:-1"},"canonical":"https:\/\/besttahini.pl\/en\/product\/al-arz-tahini-pasta-sezamowa\/","og_locale":"en_GB","og_type":"article","og_title":"Al Arz Tahini - Pasta Sezamowa 100%","og_description":"Al Arz Tahini - Pasta sezamowa 100%. Jedyna Premium Tahini na rynku. Naturalna, aksamitna, tradycyjna, wega\u0144ska, koszerna.","og_url":"https:\/\/besttahini.pl\/en\/product\/al-arz-tahini-pasta-sezamowa\/","og_site_name":"Best Tahini","article_modified_time":"2026-04-15T23:28:19+00:00","og_image":[{"width":1000,"height":1000,"url":"https:\/\/besttahini.pl\/wp-content\/uploads\/2023\/05\/alarz-reg-tahini-front-n.jpg","type":"image\/jpeg"}],"twitter_card":"summary_large_image","twitter_misc":{"Estimated reading time":"3 minutes"},"schema":{"@context":"https:\/\/schema.org","@graph":[{"@type":"WebPage","@id":"https:\/\/besttahini.pl\/produkt\/al-arz-tahini-pasta-sezamowa\/","url":"https:\/\/besttahini.pl\/produkt\/al-arz-tahini-pasta-sezamowa\/","name":"Al Arz Tahini - Pasta sezamowa 100% | www.besttahini.pl","isPartOf":{"@id":"https:\/\/besttahini.pl\/#website"},"primaryImageOfPage":{"@id":"https:\/\/besttahini.pl\/produkt\/al-arz-tahini-pasta-sezamowa\/#primaryimage"},"image":{"@id":"https:\/\/besttahini.pl\/produkt\/al-arz-tahini-pasta-sezamowa\/#primaryimage"},"thumbnailUrl":"https:\/\/besttahini.pl\/wp-content\/uploads\/2023\/05\/alarz-reg-tahini-front-n.jpg","datePublished":"2023-05-17T19:06:58+00:00","dateModified":"2026-04-15T23:28:19+00:00","description":"Al Arz Tahini - Pasta sezamowa 100%. Jedyna Premium Tahini na rynku. Naturalna, aksamitna, tradycyjna, wega\u0144ska, koszerna.","breadcrumb":{"@id":"https:\/\/besttahini.pl\/produkt\/al-arz-tahini-pasta-sezamowa\/#breadcrumb"},"inLanguage":"en-GB","potentialAction":[{"@type":"ReadAction","target":["https:\/\/besttahini.pl\/produkt\/al-arz-tahini-pasta-sezamowa\/"]}]},{"@type":"ImageObject","inLanguage":"en-GB","@id":"https:\/\/besttahini.pl\/produkt\/al-arz-tahini-pasta-sezamowa\/#primaryimage","url":"https:\/\/besttahini.pl\/wp-content\/uploads\/2023\/05\/alarz-reg-tahini-front-n.jpg","contentUrl":"https:\/\/besttahini.pl\/wp-content\/uploads\/2023\/05\/alarz-reg-tahini-front-n.jpg","width":1000,"height":1000,"caption":"al arz tahini"},{"@type":"BreadcrumbList","@id":"https:\/\/besttahini.pl\/produkt\/al-arz-tahini-pasta-sezamowa\/#breadcrumb","itemListElement":[{"@type":"ListItem","position":1,"name":"Strona g\u0142\u00f3wna","item":"https:\/\/besttahini.pl\/"},{"@type":"ListItem","position":2,"name":"Sklep Best Tahini","item":"https:\/\/besttahini.pl\/sklep\/"},{"@type":"ListItem","position":3,"name":"Al Arz Tahini &#8211; Pasta Sezamowa 100%"}]},{"@type":"WebSite","@id":"https:\/\/besttahini.pl\/#website","url":"https:\/\/besttahini.pl\/","name":"Best Tahini","description":"Premium sesame pastes","publisher":{"@id":"https:\/\/besttahini.pl\/#organization"},"potentialAction":[{"@type":"SearchAction","target":{"@type":"EntryPoint","urlTemplate":"https:\/\/besttahini.pl\/?s={search_term_string}"},"query-input":{"@type":"PropertyValueSpecification","valueRequired":true,"valueName":"search_term_string"}}],"inLanguage":"en-GB"},{"@type":"Organization","@id":"https:\/\/besttahini.pl\/#organization","name":"Best Tahini","url":"https:\/\/besttahini.pl\/","logo":{"@type":"ImageObject","inLanguage":"en-GB","@id":"https:\/\/besttahini.pl\/#\/schema\/logo\/image\/","url":"https:\/\/besttahini.pl\/wp-content\/uploads\/2023\/05\/cropped-cropped-logo-best-tahini2.png","contentUrl":"https:\/\/besttahini.pl\/wp-content\/uploads\/2023\/05\/cropped-cropped-logo-best-tahini2.png","width":300,"height":67,"caption":"Best Tahini"},"image":{"@id":"https:\/\/besttahini.pl\/#\/schema\/logo\/image\/"}}]}},"_links":{"self":[{"href":"https:\/\/besttahini.pl\/en\/wp-json\/wp\/v2\/product\/1448","targetHints":{"allow":["GET"]}}],"collection":[{"href":"https:\/\/besttahini.pl\/en\/wp-json\/wp\/v2\/product"}],"about":[{"href":"https:\/\/besttahini.pl\/en\/wp-json\/wp\/v2\/types\/product"}],"replies":[{"embeddable":true,"href":"https:\/\/besttahini.pl\/en\/wp-json\/wp\/v2\/comments?post=1448"}],"wp:featuredmedia":[{"embeddable":true,"href":"https:\/\/besttahini.pl\/en\/wp-json\/wp\/v2\/media\/2994"}],"wp:attachment":[{"href":"https:\/\/besttahini.pl\/en\/wp-json\/wp\/v2\/media?parent=1448"}],"wp:term":[{"taxonomy":"product_brand","embeddable":true,"href":"https:\/\/besttahini.pl\/en\/wp-json\/wp\/v2\/product_brand?post=1448"},{"taxonomy":"product_cat","embeddable":true,"href":"https:\/\/besttahini.pl\/en\/wp-json\/wp\/v2\/product_cat?post=1448"},{"taxonomy":"product_tag","embeddable":true,"href":"https:\/\/besttahini.pl\/en\/wp-json\/wp\/v2\/product_tag?post=1448"}],"curies":[{"name":"wp","href":"https:\/\/api.w.org\/{rel}","templated":true}]}}