{"id":3265,"date":"2024-09-24T12:45:58","date_gmt":"2024-09-24T10:45:58","guid":{"rendered":"https:\/\/besttahini.pl\/?page_id=3265"},"modified":"2024-10-24T10:09:23","modified_gmt":"2024-10-24T08:09:23","slug":"czym-rozni-sie-tahini-pelnoziarnista","status":"publish","type":"page","link":"https:\/\/besttahini.pl\/en\/czym-rozni-sie-tahini-pelnoziarnista\/","title":{"rendered":"What is the difference between whole grain and classic tahini?"},"content":{"rendered":"<figure class=\"wp-block-image alignwide size-large\"><img decoding=\"async\" width=\"1024\" height=\"382\" src=\"https:\/\/besttahini.pl\/wp-content\/uploads\/2024\/10\/tahini-al-arz-1024x382.webp\" alt=\"\" class=\"wp-image-3355\" srcset=\"\" sizes=\"(max-width: 1024px) 100vw, 1024px\" data-srcset=\"\" \/><\/figure>\n\n\n\n<div class=\"wp-block-media-text is-stacked-on-mobile is-vertically-aligned-top\" style=\"grid-template-columns:37% auto\"><figure class=\"wp-block-media-text__media\"><img decoding=\"async\" width=\"533\" height=\"800\" src=\"https:\/\/besttahini.pl\/wp-content\/uploads\/2024\/09\/tahini-pelnoziarnista-1.webp\" alt=\"\" class=\"wp-image-3267 size-full\" srcset=\"https:\/\/besttahini.pl\/wp-content\/uploads\/2024\/09\/tahini-pelnoziarnista-1.webp 533w, https:\/\/besttahini.pl\/wp-content\/uploads\/2024\/09\/tahini-pelnoziarnista-1-200x300.webp 200w\" sizes=\"(max-width: 533px) 100vw, 533px\" \/><\/figure><div class=\"wp-block-media-text__content\">\n<p><\/p>\n\n\n\n<h2 class=\"wp-block-heading\" id=\"h-czym-rozni-sie-tahini-pelnoziarnista-od-klasycznej\"><strong>What is the difference between whole grain and classic tahini?<\/strong><\/h2>\n\n\n\n<p><\/p>\n\n\n\n<p>Tahini Al Arz has gained popularity worldwide. Its offer includes both classic tahini and whole grain tahini, which differ not only in the production process but also in nutritional values and taste.<\/p>\n\n\n\n<h3 class=\"wp-block-heading\" id=\"h-czym-rozni-sie-tahini-pelnoziarnista-od-klasycznej-w-procesie-produkcji\">How does whole grain tahini differ from classic tahini in the production process?:<\/h3>\n\n\n\n<ul class=\"wp-block-list\">\n<li><strong>Classic tahini<\/strong>: It is made from hulled sesame seeds, which gives it a smooth, creamy consistency and a milder taste. The hulling process removes the outer layers of sesame seeds. These layers are rich in fiber, so classic tahini has slightly less fiber compared to the whole grain version.<\/li>\n\n\n\n<li><strong>Whole grain tahini<\/strong>: Produced from unhulled sesame seeds that retain their outer layer. As a result, whole grain tahini has a more intense, nutty flavor and a darker color. By using whole seeds, the whole grain version is richer in fiber and other nutrients, including minerals such as calcium and magnesium.<\/li>\n<\/ul>\n\n\n\n<h3 class=\"wp-block-heading\" id=\"h-wartosci-odzywcze-al-arz-tahini\"><strong>Nutritional values<\/strong> Al Arz Tahini<\/h3>\n\n\n\n<ul class=\"wp-block-list\">\n<li><strong>Classic tahini<\/strong>: Although it is still a healthy source of plant fats, protein, and vitamins, its nutritional value is slightly lower compared to whole grain tahini. It contains less fiber because the hulling process removes some of the nutrients found in the seed husk.<\/li>\n\n\n\n<li><strong>Whole grain tahini<\/strong>: Thanks to the use of whole, unhulled sesame seeds, whole grain tahini is richer in fiber, protein, and minerals. It is also a source of healthy fats that support heart health and the circulatory system. Additionally, it contains more calcium, making it a more valuable choice for those concerned about bone health.<\/li>\n<\/ul>\n\n\n\n<h3 class=\"wp-block-heading\" id=\"h-smak-i-konsystencja-tahini-al-arz\"><strong>Taste and consistency<\/strong> Tahini Al Arz<\/h3>\n\n\n\n<p>In summary, regular tahini Al Arz is more delicate and creamy, making it a versatile ingredient for many dishes. On the other hand, whole grain tahini Al Arz is the choice for those seeking a more intense flavor. It is a paste with higher nutritional value, especially in terms of fiber and minerals. Both versions are excellent sources of healthy fats and can be used in various dishes, depending on taste preferences and dietary needs.<\/p>\n\n\n\n<p><strong><a href=\"https:\/\/besttahini.pl\/en\/sklep\/\">Order<\/a>, try, and see if whole grain Tahini Al Arz is for you!<\/strong><\/p>\n<\/div><\/div>\n\n\n\n<p><\/p>","protected":false},"excerpt":{"rendered":"<p>Zobacz czym r\u00f3\u017cni si\u0119 pe\u0142noziarnista tahini od zwyk\u0142ej!<\/p>","protected":false},"author":2,"featured_media":3266,"parent":0,"menu_order":0,"comment_status":"closed","ping_status":"closed","template":"template-fullwidth.php","meta":{"footnotes":""},"class_list":["post-3265","page","type-page","status-publish","has-post-thumbnail","hentry"],"yoast_head":"<!-- This site is optimized with the Yoast SEO Premium plugin v25.4 (Yoast SEO v26.1.1) - https:\/\/yoast.com\/wordpress\/plugins\/seo\/ -->\n<title>Czym r\u00f3\u017cni si\u0119 tahini pe\u0142noziarnista od klasycznej?<\/title>\n<meta name=\"description\" content=\"Czym r\u00f3\u017cni si\u0119 tahini pe\u0142noziarnista od klasycznej? Jakie s\u0105 r\u00f3\u017cnice mi\u0119dzy zwyk\u0142\u0105 tahini a pe\u0142noziarnist\u0105. Zam\u00f3w i spr\u00f3buj!\" \/>\n<meta name=\"robots\" content=\"index, follow, max-snippet:-1, max-image-preview:large, max-video-preview:-1\" \/>\n<link rel=\"canonical\" href=\"https:\/\/besttahini.pl\/en\/czym-rozni-sie-tahini-pelnoziarnista\/\" \/>\n<meta property=\"og:locale\" content=\"en_GB\" \/>\n<meta property=\"og:type\" content=\"article\" \/>\n<meta property=\"og:title\" content=\"Czym r\u00f3\u017cni si\u0119 tahini pe\u0142noziarnista od klasycznej?\" \/>\n<meta property=\"og:description\" content=\"Czym r\u00f3\u017cni si\u0119 tahini pe\u0142noziarnista od klasycznej? Jakie s\u0105 r\u00f3\u017cnice mi\u0119dzy zwyk\u0142\u0105 tahini a pe\u0142noziarnist\u0105. Zam\u00f3w i spr\u00f3buj!\" \/>\n<meta property=\"og:url\" content=\"https:\/\/besttahini.pl\/en\/czym-rozni-sie-tahini-pelnoziarnista\/\" \/>\n<meta property=\"og:site_name\" content=\"Best Tahini\" \/>\n<meta property=\"article:modified_time\" content=\"2024-10-24T08:09:23+00:00\" \/>\n<meta property=\"og:image\" content=\"https:\/\/besttahini.pl\/wp-content\/uploads\/2024\/09\/tahini-pelnoziarnista.webp\" \/>\n\t<meta property=\"og:image:width\" content=\"533\" \/>\n\t<meta property=\"og:image:height\" content=\"800\" \/>\n\t<meta property=\"og:image:type\" content=\"image\/webp\" \/>\n<meta name=\"twitter:card\" content=\"summary_large_image\" \/>\n<meta name=\"twitter:label1\" content=\"Estimated reading time\" \/>\n\t<meta name=\"twitter:data1\" content=\"3 minutes\" \/>\n<script type=\"application\/ld+json\" class=\"yoast-schema-graph\">{\"@context\":\"https:\/\/schema.org\",\"@graph\":[{\"@type\":\"WebPage\",\"@id\":\"https:\/\/besttahini.pl\/czym-rozni-sie-tahini-pelnoziarnista\/\",\"url\":\"https:\/\/besttahini.pl\/czym-rozni-sie-tahini-pelnoziarnista\/\",\"name\":\"Czym r\u00f3\u017cni si\u0119 tahini pe\u0142noziarnista od klasycznej?\",\"isPartOf\":{\"@id\":\"https:\/\/besttahini.pl\/#website\"},\"primaryImageOfPage\":{\"@id\":\"https:\/\/besttahini.pl\/czym-rozni-sie-tahini-pelnoziarnista\/#primaryimage\"},\"image\":{\"@id\":\"https:\/\/besttahini.pl\/czym-rozni-sie-tahini-pelnoziarnista\/#primaryimage\"},\"thumbnailUrl\":\"https:\/\/besttahini.pl\/wp-content\/uploads\/2024\/09\/tahini-pelnoziarnista.webp\",\"datePublished\":\"2024-09-24T10:45:58+00:00\",\"dateModified\":\"2024-10-24T08:09:23+00:00\",\"description\":\"Czym r\u00f3\u017cni si\u0119 tahini pe\u0142noziarnista od klasycznej? Jakie s\u0105 r\u00f3\u017cnice mi\u0119dzy zwyk\u0142\u0105 tahini a pe\u0142noziarnist\u0105. Zam\u00f3w i spr\u00f3buj!\",\"breadcrumb\":{\"@id\":\"https:\/\/besttahini.pl\/czym-rozni-sie-tahini-pelnoziarnista\/#breadcrumb\"},\"inLanguage\":\"en-GB\",\"potentialAction\":[{\"@type\":\"ReadAction\",\"target\":[\"https:\/\/besttahini.pl\/czym-rozni-sie-tahini-pelnoziarnista\/\"]}]},{\"@type\":\"ImageObject\",\"inLanguage\":\"en-GB\",\"@id\":\"https:\/\/besttahini.pl\/czym-rozni-sie-tahini-pelnoziarnista\/#primaryimage\",\"url\":\"https:\/\/besttahini.pl\/wp-content\/uploads\/2024\/09\/tahini-pelnoziarnista.webp\",\"contentUrl\":\"https:\/\/besttahini.pl\/wp-content\/uploads\/2024\/09\/tahini-pelnoziarnista.webp\",\"width\":533,\"height\":800,\"caption\":\"Czym r\u00f3\u017cni si\u0119 tahini pe\u0142noziarnista?\"},{\"@type\":\"BreadcrumbList\",\"@id\":\"https:\/\/besttahini.pl\/czym-rozni-sie-tahini-pelnoziarnista\/#breadcrumb\",\"itemListElement\":[{\"@type\":\"ListItem\",\"position\":1,\"name\":\"Strona g\u0142\u00f3wna\",\"item\":\"https:\/\/besttahini.pl\/\"},{\"@type\":\"ListItem\",\"position\":2,\"name\":\"Czym r\u00f3\u017cni si\u0119 tahini pe\u0142noziarnista od klasycznej?\"}]},{\"@type\":\"WebSite\",\"@id\":\"https:\/\/besttahini.pl\/#website\",\"url\":\"https:\/\/besttahini.pl\/\",\"name\":\"Best Tahini\",\"description\":\"Pasty sezamowe premium\",\"publisher\":{\"@id\":\"https:\/\/besttahini.pl\/#organization\"},\"potentialAction\":[{\"@type\":\"SearchAction\",\"target\":{\"@type\":\"EntryPoint\",\"urlTemplate\":\"https:\/\/besttahini.pl\/?s={search_term_string}\"},\"query-input\":{\"@type\":\"PropertyValueSpecification\",\"valueRequired\":true,\"valueName\":\"search_term_string\"}}],\"inLanguage\":\"en-GB\"},{\"@type\":\"Organization\",\"@id\":\"https:\/\/besttahini.pl\/#organization\",\"name\":\"Best Tahini\",\"url\":\"https:\/\/besttahini.pl\/\",\"logo\":{\"@type\":\"ImageObject\",\"inLanguage\":\"en-GB\",\"@id\":\"https:\/\/besttahini.pl\/#\/schema\/logo\/image\/\",\"url\":\"https:\/\/besttahini.pl\/wp-content\/uploads\/2023\/05\/cropped-cropped-logo-best-tahini2.png\",\"contentUrl\":\"https:\/\/besttahini.pl\/wp-content\/uploads\/2023\/05\/cropped-cropped-logo-best-tahini2.png\",\"width\":300,\"height\":67,\"caption\":\"Best Tahini\"},\"image\":{\"@id\":\"https:\/\/besttahini.pl\/#\/schema\/logo\/image\/\"}}]}<\/script>\n<!-- \/ Yoast SEO Premium plugin. -->","yoast_head_json":{"title":"What is the difference between whole grain and classic tahini?","description":"Czym r\u00f3\u017cni si\u0119 tahini pe\u0142noziarnista od klasycznej? Jakie s\u0105 r\u00f3\u017cnice mi\u0119dzy zwyk\u0142\u0105 tahini a pe\u0142noziarnist\u0105. Zam\u00f3w i spr\u00f3buj!","robots":{"index":"index","follow":"follow","max-snippet":"max-snippet:-1","max-image-preview":"max-image-preview:large","max-video-preview":"max-video-preview:-1"},"canonical":"https:\/\/besttahini.pl\/en\/czym-rozni-sie-tahini-pelnoziarnista\/","og_locale":"en_GB","og_type":"article","og_title":"Czym r\u00f3\u017cni si\u0119 tahini pe\u0142noziarnista od klasycznej?","og_description":"Czym r\u00f3\u017cni si\u0119 tahini pe\u0142noziarnista od klasycznej? Jakie s\u0105 r\u00f3\u017cnice mi\u0119dzy zwyk\u0142\u0105 tahini a pe\u0142noziarnist\u0105. Zam\u00f3w i spr\u00f3buj!","og_url":"https:\/\/besttahini.pl\/en\/czym-rozni-sie-tahini-pelnoziarnista\/","og_site_name":"Best Tahini","article_modified_time":"2024-10-24T08:09:23+00:00","og_image":[{"width":533,"height":800,"url":"https:\/\/besttahini.pl\/wp-content\/uploads\/2024\/09\/tahini-pelnoziarnista.webp","type":"image\/webp"}],"twitter_card":"summary_large_image","twitter_misc":{"Estimated reading time":"3 minutes"},"schema":{"@context":"https:\/\/schema.org","@graph":[{"@type":"WebPage","@id":"https:\/\/besttahini.pl\/czym-rozni-sie-tahini-pelnoziarnista\/","url":"https:\/\/besttahini.pl\/czym-rozni-sie-tahini-pelnoziarnista\/","name":"What is the difference between whole grain and classic tahini?","isPartOf":{"@id":"https:\/\/besttahini.pl\/#website"},"primaryImageOfPage":{"@id":"https:\/\/besttahini.pl\/czym-rozni-sie-tahini-pelnoziarnista\/#primaryimage"},"image":{"@id":"https:\/\/besttahini.pl\/czym-rozni-sie-tahini-pelnoziarnista\/#primaryimage"},"thumbnailUrl":"https:\/\/besttahini.pl\/wp-content\/uploads\/2024\/09\/tahini-pelnoziarnista.webp","datePublished":"2024-09-24T10:45:58+00:00","dateModified":"2024-10-24T08:09:23+00:00","description":"Czym r\u00f3\u017cni si\u0119 tahini pe\u0142noziarnista od klasycznej? Jakie s\u0105 r\u00f3\u017cnice mi\u0119dzy zwyk\u0142\u0105 tahini a pe\u0142noziarnist\u0105. Zam\u00f3w i spr\u00f3buj!","breadcrumb":{"@id":"https:\/\/besttahini.pl\/czym-rozni-sie-tahini-pelnoziarnista\/#breadcrumb"},"inLanguage":"en-GB","potentialAction":[{"@type":"ReadAction","target":["https:\/\/besttahini.pl\/czym-rozni-sie-tahini-pelnoziarnista\/"]}]},{"@type":"ImageObject","inLanguage":"en-GB","@id":"https:\/\/besttahini.pl\/czym-rozni-sie-tahini-pelnoziarnista\/#primaryimage","url":"https:\/\/besttahini.pl\/wp-content\/uploads\/2024\/09\/tahini-pelnoziarnista.webp","contentUrl":"https:\/\/besttahini.pl\/wp-content\/uploads\/2024\/09\/tahini-pelnoziarnista.webp","width":533,"height":800,"caption":"Czym r\u00f3\u017cni si\u0119 tahini pe\u0142noziarnista?"},{"@type":"BreadcrumbList","@id":"https:\/\/besttahini.pl\/czym-rozni-sie-tahini-pelnoziarnista\/#breadcrumb","itemListElement":[{"@type":"ListItem","position":1,"name":"Strona g\u0142\u00f3wna","item":"https:\/\/besttahini.pl\/"},{"@type":"ListItem","position":2,"name":"Czym r\u00f3\u017cni si\u0119 tahini pe\u0142noziarnista od klasycznej?"}]},{"@type":"WebSite","@id":"https:\/\/besttahini.pl\/#website","url":"https:\/\/besttahini.pl\/","name":"Best Tahini","description":"Premium sesame pastes","publisher":{"@id":"https:\/\/besttahini.pl\/#organization"},"potentialAction":[{"@type":"SearchAction","target":{"@type":"EntryPoint","urlTemplate":"https:\/\/besttahini.pl\/?s={search_term_string}"},"query-input":{"@type":"PropertyValueSpecification","valueRequired":true,"valueName":"search_term_string"}}],"inLanguage":"en-GB"},{"@type":"Organization","@id":"https:\/\/besttahini.pl\/#organization","name":"Best Tahini","url":"https:\/\/besttahini.pl\/","logo":{"@type":"ImageObject","inLanguage":"en-GB","@id":"https:\/\/besttahini.pl\/#\/schema\/logo\/image\/","url":"https:\/\/besttahini.pl\/wp-content\/uploads\/2023\/05\/cropped-cropped-logo-best-tahini2.png","contentUrl":"https:\/\/besttahini.pl\/wp-content\/uploads\/2023\/05\/cropped-cropped-logo-best-tahini2.png","width":300,"height":67,"caption":"Best Tahini"},"image":{"@id":"https:\/\/besttahini.pl\/#\/schema\/logo\/image\/"}}]}},"_links":{"self":[{"href":"https:\/\/besttahini.pl\/en\/wp-json\/wp\/v2\/pages\/3265","targetHints":{"allow":["GET"]}}],"collection":[{"href":"https:\/\/besttahini.pl\/en\/wp-json\/wp\/v2\/pages"}],"about":[{"href":"https:\/\/besttahini.pl\/en\/wp-json\/wp\/v2\/types\/page"}],"author":[{"embeddable":true,"href":"https:\/\/besttahini.pl\/en\/wp-json\/wp\/v2\/users\/2"}],"replies":[{"embeddable":true,"href":"https:\/\/besttahini.pl\/en\/wp-json\/wp\/v2\/comments?post=3265"}],"version-history":[{"count":20,"href":"https:\/\/besttahini.pl\/en\/wp-json\/wp\/v2\/pages\/3265\/revisions"}],"predecessor-version":[{"id":3356,"href":"https:\/\/besttahini.pl\/en\/wp-json\/wp\/v2\/pages\/3265\/revisions\/3356"}],"wp:featuredmedia":[{"embeddable":true,"href":"https:\/\/besttahini.pl\/en\/wp-json\/wp\/v2\/media\/3266"}],"wp:attachment":[{"href":"https:\/\/besttahini.pl\/en\/wp-json\/wp\/v2\/media?parent=3265"}],"curies":[{"name":"wp","href":"https:\/\/api.w.org\/{rel}","templated":true}]}}