{"id":3135,"date":"2024-04-13T22:48:44","date_gmt":"2024-04-13T20:48:44","guid":{"rendered":"https:\/\/besttahini.pl\/?page_id=3135"},"modified":"2024-10-23T14:50:33","modified_gmt":"2024-10-23T12:50:33","slug":"dostawa-3","status":"publish","type":"page","link":"https:\/\/besttahini.pl\/en\/dostawa-3\/","title":{"rendered":"Delivery"},"content":{"rendered":"<h2 class=\"wp-block-heading\" id=\"h-koszty-dostawy\">Delivery Costs<\/h2>\n\n\n\n<p>If none of the products in the cart are eligible for the special \"free delivery\" promotion \u2013 and the cart value exceeds 99 PLN \u2013 we will send the order for free! So <strong>FREE DELIVERY from 99 PLN<\/strong>!<\/p>\n\n\n\n<p>Orders placed by 12:00 PM are processed immediately and usually on the same day!<\/p>\n\n\n\n<p>Products are shipped in secure packaging with eco-friendly filling.<\/p>\n\n\n\n<p><\/p>\n\n\n\n<p><strong>Courier 15.00 PLN<\/strong><\/p>\n\n\n\n<p><strong>InPost 15.00 PLN<\/strong><\/p>\n\n\n\n<figure class=\"wp-block-image size-full\"><img decoding=\"async\" width=\"174\" height=\"113\" src=\"https:\/\/besttahini.pl\/wp-content\/uploads\/2023\/05\/darmowa-dostawa-24h.webp\" alt=\"tahini wysy\u0142ka\" class=\"wp-image-3143\"\/><\/figure>","protected":false},"excerpt":{"rendered":"<p>Koszty dostawy Je\u017celi \u017caden z produkt\u00f3w w koszyku nie jest obj\u0119ty specjaln\u0105 promocj\u0105 'darmowej dostawy&#8217; &#8211; a warto\u015b\u0107 koszyka przekracza 99 z\u0142 &#8211; zam\u00f3wienie wy\u015blemy za darmo! A wi\u0119c DARMOWA &#8230;<\/p>","protected":false},"author":1,"featured_media":0,"parent":0,"menu_order":0,"comment_status":"closed","ping_status":"closed","template":"template-fullwidth.php","meta":{"footnotes":""},"class_list":["post-3135","page","type-page","status-publish","hentry"],"yoast_head":"<!-- This site is optimized with the Yoast SEO Premium plugin v25.4 (Yoast SEO v26.1.1) - https:\/\/yoast.com\/wordpress\/plugins\/seo\/ -->\n<title>Dostawa - Best Tahini<\/title>\n<meta name=\"robots\" content=\"noindex, nofollow\" \/>\n<meta property=\"og:locale\" content=\"en_GB\" \/>\n<meta property=\"og:type\" content=\"article\" \/>\n<meta property=\"og:title\" content=\"Dostawa\" \/>\n<meta property=\"og:description\" content=\"Koszty dostawy Je\u017celi \u017caden z produkt\u00f3w w koszyku nie jest obj\u0119ty specjaln\u0105 promocj\u0105 &#039;darmowej dostawy&#8217; &#8211; a warto\u015b\u0107 koszyka przekracza 99 z\u0142 &#8211; zam\u00f3wienie wy\u015blemy za darmo! A wi\u0119c DARMOWA ...\" \/>\n<meta property=\"og:url\" content=\"https:\/\/besttahini.pl\/en\/dostawa-3\/\" \/>\n<meta property=\"og:site_name\" content=\"Best Tahini\" \/>\n<meta property=\"article:modified_time\" content=\"2024-10-23T12:50:33+00:00\" \/>\n<meta property=\"og:image\" content=\"https:\/\/besttahini.pl\/wp-content\/uploads\/2023\/05\/darmowa-dostawa-24h.webp\" \/>\n\t<meta property=\"og:image:width\" content=\"174\" \/>\n\t<meta property=\"og:image:height\" content=\"113\" \/>\n\t<meta property=\"og:image:type\" content=\"image\/webp\" \/>\n<meta name=\"twitter:card\" content=\"summary_large_image\" \/>\n<meta name=\"twitter:label1\" content=\"Estimated reading time\" \/>\n\t<meta name=\"twitter:data1\" content=\"1 minute\" \/>\n<script type=\"application\/ld+json\" class=\"yoast-schema-graph\">{\"@context\":\"https:\/\/schema.org\",\"@graph\":[{\"@type\":\"WebPage\",\"@id\":\"https:\/\/besttahini.pl\/dostawa-3\/\",\"url\":\"https:\/\/besttahini.pl\/dostawa-3\/\",\"name\":\"Dostawa - Best Tahini\",\"isPartOf\":{\"@id\":\"https:\/\/besttahini.pl\/#website\"},\"primaryImageOfPage\":{\"@id\":\"https:\/\/besttahini.pl\/dostawa-3\/#primaryimage\"},\"image\":{\"@id\":\"https:\/\/besttahini.pl\/dostawa-3\/#primaryimage\"},\"thumbnailUrl\":\"https:\/\/besttahini.pl\/wp-content\/uploads\/2023\/05\/darmowa-dostawa-24h.webp\",\"datePublished\":\"2024-04-13T20:48:44+00:00\",\"dateModified\":\"2024-10-23T12:50:33+00:00\",\"breadcrumb\":{\"@id\":\"https:\/\/besttahini.pl\/dostawa-3\/#breadcrumb\"},\"inLanguage\":\"en-GB\",\"potentialAction\":[{\"@type\":\"ReadAction\",\"target\":[\"https:\/\/besttahini.pl\/dostawa-3\/\"]}]},{\"@type\":\"ImageObject\",\"inLanguage\":\"en-GB\",\"@id\":\"https:\/\/besttahini.pl\/dostawa-3\/#primaryimage\",\"url\":\"https:\/\/besttahini.pl\/wp-content\/uploads\/2023\/05\/darmowa-dostawa-24h.webp\",\"contentUrl\":\"https:\/\/besttahini.pl\/wp-content\/uploads\/2023\/05\/darmowa-dostawa-24h.webp\"},{\"@type\":\"BreadcrumbList\",\"@id\":\"https:\/\/besttahini.pl\/dostawa-3\/#breadcrumb\",\"itemListElement\":[{\"@type\":\"ListItem\",\"position\":1,\"name\":\"Strona g\u0142\u00f3wna\",\"item\":\"https:\/\/besttahini.pl\/\"},{\"@type\":\"ListItem\",\"position\":2,\"name\":\"Dostawa\"}]},{\"@type\":\"WebSite\",\"@id\":\"https:\/\/besttahini.pl\/#website\",\"url\":\"https:\/\/besttahini.pl\/\",\"name\":\"Best Tahini\",\"description\":\"Pasty sezamowe premium\",\"publisher\":{\"@id\":\"https:\/\/besttahini.pl\/#organization\"},\"potentialAction\":[{\"@type\":\"SearchAction\",\"target\":{\"@type\":\"EntryPoint\",\"urlTemplate\":\"https:\/\/besttahini.pl\/?s={search_term_string}\"},\"query-input\":{\"@type\":\"PropertyValueSpecification\",\"valueRequired\":true,\"valueName\":\"search_term_string\"}}],\"inLanguage\":\"en-GB\"},{\"@type\":\"Organization\",\"@id\":\"https:\/\/besttahini.pl\/#organization\",\"name\":\"Best Tahini\",\"url\":\"https:\/\/besttahini.pl\/\",\"logo\":{\"@type\":\"ImageObject\",\"inLanguage\":\"en-GB\",\"@id\":\"https:\/\/besttahini.pl\/#\/schema\/logo\/image\/\",\"url\":\"https:\/\/besttahini.pl\/wp-content\/uploads\/2023\/05\/cropped-cropped-logo-best-tahini2.png\",\"contentUrl\":\"https:\/\/besttahini.pl\/wp-content\/uploads\/2023\/05\/cropped-cropped-logo-best-tahini2.png\",\"width\":300,\"height\":67,\"caption\":\"Best Tahini\"},\"image\":{\"@id\":\"https:\/\/besttahini.pl\/#\/schema\/logo\/image\/\"}}]}<\/script>\n<!-- \/ Yoast SEO Premium plugin. -->","yoast_head_json":{"title":"Dostawa - Best Tahini","robots":{"index":"noindex","follow":"nofollow"},"og_locale":"en_GB","og_type":"article","og_title":"Dostawa","og_description":"Koszty dostawy Je\u017celi \u017caden z produkt\u00f3w w koszyku nie jest obj\u0119ty specjaln\u0105 promocj\u0105 'darmowej dostawy&#8217; &#8211; a warto\u015b\u0107 koszyka przekracza 99 z\u0142 &#8211; zam\u00f3wienie wy\u015blemy za darmo! A wi\u0119c DARMOWA ...","og_url":"https:\/\/besttahini.pl\/en\/dostawa-3\/","og_site_name":"Best Tahini","article_modified_time":"2024-10-23T12:50:33+00:00","og_image":[{"width":174,"height":113,"url":"https:\/\/besttahini.pl\/wp-content\/uploads\/2023\/05\/darmowa-dostawa-24h.webp","type":"image\/webp"}],"twitter_card":"summary_large_image","twitter_misc":{"Estimated reading time":"1 minute"},"schema":{"@context":"https:\/\/schema.org","@graph":[{"@type":"WebPage","@id":"https:\/\/besttahini.pl\/dostawa-3\/","url":"https:\/\/besttahini.pl\/dostawa-3\/","name":"Dostawa - Best Tahini","isPartOf":{"@id":"https:\/\/besttahini.pl\/#website"},"primaryImageOfPage":{"@id":"https:\/\/besttahini.pl\/dostawa-3\/#primaryimage"},"image":{"@id":"https:\/\/besttahini.pl\/dostawa-3\/#primaryimage"},"thumbnailUrl":"https:\/\/besttahini.pl\/wp-content\/uploads\/2023\/05\/darmowa-dostawa-24h.webp","datePublished":"2024-04-13T20:48:44+00:00","dateModified":"2024-10-23T12:50:33+00:00","breadcrumb":{"@id":"https:\/\/besttahini.pl\/dostawa-3\/#breadcrumb"},"inLanguage":"en-GB","potentialAction":[{"@type":"ReadAction","target":["https:\/\/besttahini.pl\/dostawa-3\/"]}]},{"@type":"ImageObject","inLanguage":"en-GB","@id":"https:\/\/besttahini.pl\/dostawa-3\/#primaryimage","url":"https:\/\/besttahini.pl\/wp-content\/uploads\/2023\/05\/darmowa-dostawa-24h.webp","contentUrl":"https:\/\/besttahini.pl\/wp-content\/uploads\/2023\/05\/darmowa-dostawa-24h.webp"},{"@type":"BreadcrumbList","@id":"https:\/\/besttahini.pl\/dostawa-3\/#breadcrumb","itemListElement":[{"@type":"ListItem","position":1,"name":"Strona g\u0142\u00f3wna","item":"https:\/\/besttahini.pl\/"},{"@type":"ListItem","position":2,"name":"Dostawa"}]},{"@type":"WebSite","@id":"https:\/\/besttahini.pl\/#website","url":"https:\/\/besttahini.pl\/","name":"Best Tahini","description":"Premium sesame pastes","publisher":{"@id":"https:\/\/besttahini.pl\/#organization"},"potentialAction":[{"@type":"SearchAction","target":{"@type":"EntryPoint","urlTemplate":"https:\/\/besttahini.pl\/?s={search_term_string}"},"query-input":{"@type":"PropertyValueSpecification","valueRequired":true,"valueName":"search_term_string"}}],"inLanguage":"en-GB"},{"@type":"Organization","@id":"https:\/\/besttahini.pl\/#organization","name":"Best Tahini","url":"https:\/\/besttahini.pl\/","logo":{"@type":"ImageObject","inLanguage":"en-GB","@id":"https:\/\/besttahini.pl\/#\/schema\/logo\/image\/","url":"https:\/\/besttahini.pl\/wp-content\/uploads\/2023\/05\/cropped-cropped-logo-best-tahini2.png","contentUrl":"https:\/\/besttahini.pl\/wp-content\/uploads\/2023\/05\/cropped-cropped-logo-best-tahini2.png","width":300,"height":67,"caption":"Best Tahini"},"image":{"@id":"https:\/\/besttahini.pl\/#\/schema\/logo\/image\/"}}]}},"_links":{"self":[{"href":"https:\/\/besttahini.pl\/en\/wp-json\/wp\/v2\/pages\/3135","targetHints":{"allow":["GET"]}}],"collection":[{"href":"https:\/\/besttahini.pl\/en\/wp-json\/wp\/v2\/pages"}],"about":[{"href":"https:\/\/besttahini.pl\/en\/wp-json\/wp\/v2\/types\/page"}],"author":[{"embeddable":true,"href":"https:\/\/besttahini.pl\/en\/wp-json\/wp\/v2\/users\/1"}],"replies":[{"embeddable":true,"href":"https:\/\/besttahini.pl\/en\/wp-json\/wp\/v2\/comments?post=3135"}],"version-history":[{"count":2,"href":"https:\/\/besttahini.pl\/en\/wp-json\/wp\/v2\/pages\/3135\/revisions"}],"predecessor-version":[{"id":3164,"href":"https:\/\/besttahini.pl\/en\/wp-json\/wp\/v2\/pages\/3135\/revisions\/3164"}],"wp:attachment":[{"href":"https:\/\/besttahini.pl\/en\/wp-json\/wp\/v2\/media?parent=3135"}],"curies":[{"name":"wp","href":"https:\/\/api.w.org\/{rel}","templated":true}]}}