{"id":1865,"date":"2023-05-22T13:40:40","date_gmt":"2023-05-22T11:40:40","guid":{"rendered":"https:\/\/besttahini.pl\/?page_id=1865"},"modified":"2024-04-10T16:20:06","modified_gmt":"2024-04-10T14:20:06","slug":"rodo","status":"publish","type":"page","link":"https:\/\/besttahini.pl\/en\/rodo\/","title":{"rendered":"GDPR"},"content":{"rendered":"<h5 class=\"wp-block-heading\" id=\"h-rodo\">GDPR<\/h5>\n\n\n\n<p>In accordance with the highest standards of service quality, in accordance with the Regulation of the European Parliament and Council (EU) 2016\/679 of April 27, 2016 on the protection of individuals in relation to the processing of personal data and on the free movement of such data (\u2018GDPR'), we inform you that:<\/p>\n\n\n\n<p><strong>Data Administrator<\/strong><\/p>\n\n\n\n<ol class=\"wp-block-list\">\n<li>The Administrator of Your Personal Data is Transolutions \u0141ukasz Abramek, based in Nowy Targ, ul. Krzywa 18d, 34-400 Nowy Targ.<\/li>\n\n\n\n<li>Individuals designated for contact regarding personal data protection are available via email at dystrybucja@tylko.bio<\/li>\n<\/ol>\n\n\n\n<p><strong>Purposes and legal grounds for collecting and processing personal data.<\/strong><\/p>\n\n\n\n<p>Your personal data will be processed for the purposes of:<\/p>\n\n\n\n<ol class=\"wp-block-list\">\n<li>performing the contract, or taking steps necessary to conclude the contract, e.g., telephone or email contact to send an offer, arrange a service date, cancel or change the service date (Article 6(1)(b) GDPR);<\/li>\n\n\n\n<li>marketing of products and services offered by the Data Administrator using electronic communication methods (email, phone, SMS), upon separate consent (Article 6(1)(a) GDPR);<\/li>\n\n\n\n<li>indicated in legal provisions (Article 6(1)(c) GDPR);<\/li>\n\n\n\n<li>for the purposes of claiming or defending the Data Administrator's rights (Article 6(1)(f) GDPR).<\/li>\n<\/ol>\n\n\n\n<p><strong>Data retention periods.<\/strong><\/p>\n\n\n\n<p>Pani\/Pana dane osobowe przetwarzane b\u0119d\u0105:<\/p>\n\n\n\n<ol class=\"wp-block-list\">\n<li>in case of processing for the purpose of performing the contract \u2013 until the expiration of claims arising from it;<\/li>\n\n\n\n<li>in case of marketing activities covered by the consent statement \u2013 until it is withdrawn.<\/li>\n<\/ol>\n\n\n\n<p><strong>Additional information.<\/strong><\/p>\n\n\n\n<ol class=\"wp-block-list\">\n<li>The Data Administrator does not disclose or transfer data to third countries\/international organizations.<\/li>\n\n\n\n<li>Your data is not subject to profiling.<\/li>\n\n\n\n<li>You have the right to access your personal data, as well as the right to rectify, erase, restrict processing, the right to data portability, the right to object, and the right to withdraw consent at any time without affecting the legality of processing based on consent before its withdrawal.<\/li>\n\n\n\n<li>If you believe that the processing of your personal data violates the provisions of the GDPR, you have the right to lodge a complaint with the supervisory authority, the President of the Personal Data Protection Office.<\/li>\n\n\n\n<li>Providing personal data is voluntary but necessary for the conclusion and execution of the contract.<\/li>\n<\/ol>","protected":false},"excerpt":{"rendered":"<p>RODO Dbaj\u0105c o najwy\u017csz\u0105 jako\u015b\u0107 \u015bwiadczonych us\u0142ug, zgodnie z Rozporz\u0105dzeniem Parlamentu Europejskiego i&nbsp;Rady (UE) 2016\/679 z&nbsp;dnia 27 kwietnia 2016 r. w&nbsp;sprawie ochrony os\u00f3b fizycznych w&nbsp;zwi\u0105zku z&nbsp;przetwarzaniem danych osobowych i&nbsp;w sprawie &#8230;<\/p>","protected":false},"author":2,"featured_media":0,"parent":0,"menu_order":0,"comment_status":"closed","ping_status":"closed","template":"template-fullwidth.php","meta":{"footnotes":""},"class_list":["post-1865","page","type-page","status-publish","hentry"],"yoast_head":"<!-- This site is optimized with the Yoast SEO Premium plugin v25.4 (Yoast SEO v26.1.1) - https:\/\/yoast.com\/wordpress\/plugins\/seo\/ -->\n<title>RODO - Best Tahini<\/title>\n<meta name=\"robots\" content=\"noindex, nofollow\" \/>\n<meta property=\"og:locale\" content=\"en_GB\" \/>\n<meta property=\"og:type\" content=\"article\" \/>\n<meta property=\"og:title\" content=\"RODO\" \/>\n<meta property=\"og:description\" content=\"RODO Dbaj\u0105c o najwy\u017csz\u0105 jako\u015b\u0107 \u015bwiadczonych us\u0142ug, zgodnie z Rozporz\u0105dzeniem Parlamentu Europejskiego i&nbsp;Rady (UE) 2016\/679 z&nbsp;dnia 27 kwietnia 2016 r. w&nbsp;sprawie ochrony os\u00f3b fizycznych w&nbsp;zwi\u0105zku z&nbsp;przetwarzaniem danych osobowych i&nbsp;w sprawie ...\" \/>\n<meta property=\"og:url\" content=\"https:\/\/besttahini.pl\/en\/rodo\/\" \/>\n<meta property=\"og:site_name\" content=\"Best Tahini\" \/>\n<meta property=\"article:modified_time\" content=\"2024-04-10T14:20:06+00:00\" \/>\n<meta name=\"twitter:card\" content=\"summary_large_image\" \/>\n<meta name=\"twitter:label1\" content=\"Estimated reading time\" \/>\n\t<meta name=\"twitter:data1\" content=\"2 minutes\" \/>\n<script type=\"application\/ld+json\" class=\"yoast-schema-graph\">{\"@context\":\"https:\/\/schema.org\",\"@graph\":[{\"@type\":\"WebPage\",\"@id\":\"https:\/\/besttahini.pl\/rodo\/\",\"url\":\"https:\/\/besttahini.pl\/rodo\/\",\"name\":\"RODO - Best Tahini\",\"isPartOf\":{\"@id\":\"https:\/\/besttahini.pl\/#website\"},\"datePublished\":\"2023-05-22T11:40:40+00:00\",\"dateModified\":\"2024-04-10T14:20:06+00:00\",\"breadcrumb\":{\"@id\":\"https:\/\/besttahini.pl\/rodo\/#breadcrumb\"},\"inLanguage\":\"en-GB\",\"potentialAction\":[{\"@type\":\"ReadAction\",\"target\":[\"https:\/\/besttahini.pl\/rodo\/\"]}]},{\"@type\":\"BreadcrumbList\",\"@id\":\"https:\/\/besttahini.pl\/rodo\/#breadcrumb\",\"itemListElement\":[{\"@type\":\"ListItem\",\"position\":1,\"name\":\"Strona g\u0142\u00f3wna\",\"item\":\"https:\/\/besttahini.pl\/\"},{\"@type\":\"ListItem\",\"position\":2,\"name\":\"RODO\"}]},{\"@type\":\"WebSite\",\"@id\":\"https:\/\/besttahini.pl\/#website\",\"url\":\"https:\/\/besttahini.pl\/\",\"name\":\"Best Tahini\",\"description\":\"Pasty sezamowe premium\",\"publisher\":{\"@id\":\"https:\/\/besttahini.pl\/#organization\"},\"potentialAction\":[{\"@type\":\"SearchAction\",\"target\":{\"@type\":\"EntryPoint\",\"urlTemplate\":\"https:\/\/besttahini.pl\/?s={search_term_string}\"},\"query-input\":{\"@type\":\"PropertyValueSpecification\",\"valueRequired\":true,\"valueName\":\"search_term_string\"}}],\"inLanguage\":\"en-GB\"},{\"@type\":\"Organization\",\"@id\":\"https:\/\/besttahini.pl\/#organization\",\"name\":\"Best Tahini\",\"url\":\"https:\/\/besttahini.pl\/\",\"logo\":{\"@type\":\"ImageObject\",\"inLanguage\":\"en-GB\",\"@id\":\"https:\/\/besttahini.pl\/#\/schema\/logo\/image\/\",\"url\":\"https:\/\/besttahini.pl\/wp-content\/uploads\/2023\/05\/cropped-cropped-logo-best-tahini2.png\",\"contentUrl\":\"https:\/\/besttahini.pl\/wp-content\/uploads\/2023\/05\/cropped-cropped-logo-best-tahini2.png\",\"width\":300,\"height\":67,\"caption\":\"Best Tahini\"},\"image\":{\"@id\":\"https:\/\/besttahini.pl\/#\/schema\/logo\/image\/\"}}]}<\/script>\n<!-- \/ Yoast SEO Premium plugin. -->","yoast_head_json":{"title":"RODO - Best Tahini","robots":{"index":"noindex","follow":"nofollow"},"og_locale":"en_GB","og_type":"article","og_title":"RODO","og_description":"RODO Dbaj\u0105c o najwy\u017csz\u0105 jako\u015b\u0107 \u015bwiadczonych us\u0142ug, zgodnie z Rozporz\u0105dzeniem Parlamentu Europejskiego i&nbsp;Rady (UE) 2016\/679 z&nbsp;dnia 27 kwietnia 2016 r. w&nbsp;sprawie ochrony os\u00f3b fizycznych w&nbsp;zwi\u0105zku z&nbsp;przetwarzaniem danych osobowych i&nbsp;w sprawie ...","og_url":"https:\/\/besttahini.pl\/en\/rodo\/","og_site_name":"Best Tahini","article_modified_time":"2024-04-10T14:20:06+00:00","twitter_card":"summary_large_image","twitter_misc":{"Estimated reading time":"2 minutes"},"schema":{"@context":"https:\/\/schema.org","@graph":[{"@type":"WebPage","@id":"https:\/\/besttahini.pl\/rodo\/","url":"https:\/\/besttahini.pl\/rodo\/","name":"RODO - Best Tahini","isPartOf":{"@id":"https:\/\/besttahini.pl\/#website"},"datePublished":"2023-05-22T11:40:40+00:00","dateModified":"2024-04-10T14:20:06+00:00","breadcrumb":{"@id":"https:\/\/besttahini.pl\/rodo\/#breadcrumb"},"inLanguage":"en-GB","potentialAction":[{"@type":"ReadAction","target":["https:\/\/besttahini.pl\/rodo\/"]}]},{"@type":"BreadcrumbList","@id":"https:\/\/besttahini.pl\/rodo\/#breadcrumb","itemListElement":[{"@type":"ListItem","position":1,"name":"Strona g\u0142\u00f3wna","item":"https:\/\/besttahini.pl\/"},{"@type":"ListItem","position":2,"name":"RODO"}]},{"@type":"WebSite","@id":"https:\/\/besttahini.pl\/#website","url":"https:\/\/besttahini.pl\/","name":"Best Tahini","description":"Premium sesame pastes","publisher":{"@id":"https:\/\/besttahini.pl\/#organization"},"potentialAction":[{"@type":"SearchAction","target":{"@type":"EntryPoint","urlTemplate":"https:\/\/besttahini.pl\/?s={search_term_string}"},"query-input":{"@type":"PropertyValueSpecification","valueRequired":true,"valueName":"search_term_string"}}],"inLanguage":"en-GB"},{"@type":"Organization","@id":"https:\/\/besttahini.pl\/#organization","name":"Best Tahini","url":"https:\/\/besttahini.pl\/","logo":{"@type":"ImageObject","inLanguage":"en-GB","@id":"https:\/\/besttahini.pl\/#\/schema\/logo\/image\/","url":"https:\/\/besttahini.pl\/wp-content\/uploads\/2023\/05\/cropped-cropped-logo-best-tahini2.png","contentUrl":"https:\/\/besttahini.pl\/wp-content\/uploads\/2023\/05\/cropped-cropped-logo-best-tahini2.png","width":300,"height":67,"caption":"Best Tahini"},"image":{"@id":"https:\/\/besttahini.pl\/#\/schema\/logo\/image\/"}}]}},"_links":{"self":[{"href":"https:\/\/besttahini.pl\/en\/wp-json\/wp\/v2\/pages\/1865","targetHints":{"allow":["GET"]}}],"collection":[{"href":"https:\/\/besttahini.pl\/en\/wp-json\/wp\/v2\/pages"}],"about":[{"href":"https:\/\/besttahini.pl\/en\/wp-json\/wp\/v2\/types\/page"}],"author":[{"embeddable":true,"href":"https:\/\/besttahini.pl\/en\/wp-json\/wp\/v2\/users\/2"}],"replies":[{"embeddable":true,"href":"https:\/\/besttahini.pl\/en\/wp-json\/wp\/v2\/comments?post=1865"}],"version-history":[{"count":1,"href":"https:\/\/besttahini.pl\/en\/wp-json\/wp\/v2\/pages\/1865\/revisions"}],"predecessor-version":[{"id":3113,"href":"https:\/\/besttahini.pl\/en\/wp-json\/wp\/v2\/pages\/1865\/revisions\/3113"}],"wp:attachment":[{"href":"https:\/\/besttahini.pl\/en\/wp-json\/wp\/v2\/media?parent=1865"}],"curies":[{"name":"wp","href":"https:\/\/api.w.org\/{rel}","templated":true}]}}