{"id":17,"date":"2023-03-12T08:09:36","date_gmt":"2023-03-12T07:09:36","guid":{"rendered":"http:\/\/demos.famethemes.com\/onepress-plus\/?page_id=17"},"modified":"2024-10-23T13:59:52","modified_gmt":"2024-10-23T11:59:52","slug":"historia-firmy-al-arz","status":"publish","type":"page","link":"https:\/\/besttahini.pl\/en\/historia-firmy-al-arz\/","title":{"rendered":"The History of Al Arz Company"},"content":{"rendered":"<h2 class=\"wp-block-heading has-text-align-center\" id=\"h-historia-al-arz\">History of Al Arz<\/h2>\n\n\n\n<p>The history of Al Arz, a producer of excellent Tahini, dates back to the late 1980s. It was during this time that the idea was born, which soon evolved into one of the leading brands in the field of producing perfect sesame paste.<\/p>\n\n\n\n<p>Al Arz was founded in the charming town of Nazareth, Israel, in 1992. It was there that Assad Zaher decided to implement his unique vision of producing tahini, which was based on a special method. His goal was to create a sesame paste with a unique, fresh taste. Assad Zaher primarily wanted to preserve naturalness. This was his key assumption. He put all his determination and passion into creating a small factory where tahini was produced in a traditional way.<\/p>\n\n\n\n<p>Initially, Assad sold his exceptional tahini among friends and family. The company had a local character. Years passed, and Assad Zaher recognized the potential of his product while still following his passion. He was the first to transform his family business into a brand with a global reach. Thanks to the potential of Assad's tahini, Al Arz Tahini became one of the leading producers in Israel. Thanks to the constant efforts of his family and friends, Assad began to gain recognition not only in the country but also on the international stage. His product found its way onto the shelves of select stores and into the best restaurants.<\/p>\n\n\n\n<h3 class=\"wp-block-heading\" id=\"h-nowy-rozdzial\">A New Chapter<\/h3>\n\n\n\n<p>Julia Zaher continued the rich history of Al Arz after the death of Assad Zaher. Under her leadership, the company expanded its influence both in the Israeli market and internationally, undoubtedly recording significant sales growth. The company underwent dynamic development, while Julia's immense determination allowed her to preserve the wonderful traditional taste of tahini. <a href=\"https:\/\/besttahini.pl\/en\/tradycja-i-nowoczesnosc-al-arz\/\">Traditional<\/a> Tahini taste.<\/p>\n\n\n\n<p>In 2022, Julia Zaher was awarded the Hugo Ramniceanu Prize in Economics by Tel Aviv University, recognizing her entrepreneurship and commitment. Julia established a scholarship for Arab-Israeli students studying nursing. In the same year, she was also awarded an honorary doctorate by Bar-Ilan University.<\/p>\n\n\n<div class=\"wp-block-image\">\n<figure class=\"aligncenter size-full\"><img decoding=\"async\" width=\"600\" height=\"314\" src=\"https:\/\/besttahini.pl\/wp-content\/uploads\/2023\/12\/julia-tre-sc-2977588258.jpg\" alt=\"al arz tahini julia zaher\" class=\"wp-image-2338\" srcset=\"https:\/\/besttahini.pl\/wp-content\/uploads\/2023\/12\/julia-tre-sc-2977588258.jpg 600w, https:\/\/besttahini.pl\/wp-content\/uploads\/2023\/12\/julia-tre-sc-2977588258-300x157.jpg 300w\" sizes=\"(max-width: 600px) 100vw, 600px\" \/><\/figure>\n<\/div>\n\n\n<p>The history of Al Arz reached its new chapter in August 2022 when Sugat acquired Al Arz from Julia Zaher. This was another step in the long and fruitful history of the brand, which has become a true symbol of excellent quality and traditional tahini taste worldwide.<\/p>","protected":false},"excerpt":{"rendered":"<p>Historia firmy Al Arz &#8211; poznaj kr\u00f3tk\u0105 histori\u0119 producenta i dostawcy wy\u015bmienitych Tahini kt\u00f3re s\u0105 baz\u0105 do doskona\u0142ego hummusu i cha\u0142wy.<\/p>","protected":false},"author":2,"featured_media":0,"parent":0,"menu_order":0,"comment_status":"closed","ping_status":"closed","template":"template-fullwidth.php","meta":{"footnotes":""},"class_list":["post-17","page","type-page","status-publish","hentry"],"yoast_head":"<!-- This site is optimized with the Yoast SEO Premium plugin v25.4 (Yoast SEO v26.1.1) - https:\/\/yoast.com\/wordpress\/plugins\/seo\/ -->\n<title>Historia firmy Al Arz | www.besttahini.pl<\/title>\n<meta name=\"description\" content=\"Historia firmy Al Arz - poznaj kr\u00f3tk\u0105 histori\u0119 producenta i dostawcy wy\u015bmienitych Tahini kt\u00f3re s\u0105 baz\u0105 do doskona\u0142ego hummusu i cha\u0142wy.\" \/>\n<meta name=\"robots\" content=\"index, follow, max-snippet:-1, max-image-preview:large, max-video-preview:-1\" \/>\n<link rel=\"canonical\" href=\"https:\/\/besttahini.pl\/en\/historia-firmy-al-arz\/\" \/>\n<meta property=\"og:locale\" content=\"en_GB\" \/>\n<meta property=\"og:type\" content=\"article\" \/>\n<meta property=\"og:title\" content=\"Historia firmy Al Arz\" \/>\n<meta property=\"og:description\" content=\"Historia firmy Al Arz - poznaj kr\u00f3tk\u0105 histori\u0119 producenta i dostawcy wy\u015bmienitych Tahini kt\u00f3re s\u0105 baz\u0105 do doskona\u0142ego hummusu i cha\u0142wy.\" \/>\n<meta property=\"og:url\" content=\"https:\/\/besttahini.pl\/en\/historia-firmy-al-arz\/\" \/>\n<meta property=\"og:site_name\" content=\"Best Tahini\" \/>\n<meta property=\"article:modified_time\" content=\"2024-10-23T11:59:52+00:00\" \/>\n<meta property=\"og:image\" content=\"https:\/\/besttahini.pl\/wp-content\/uploads\/2023\/12\/julia-tre-sc-2977588258.jpg\" \/>\n\t<meta property=\"og:image:width\" content=\"600\" \/>\n\t<meta property=\"og:image:height\" content=\"314\" \/>\n\t<meta property=\"og:image:type\" content=\"image\/jpeg\" \/>\n<meta name=\"twitter:card\" content=\"summary_large_image\" \/>\n<meta name=\"twitter:label1\" content=\"Estimated reading time\" \/>\n\t<meta name=\"twitter:data1\" content=\"3 minutes\" \/>\n<script type=\"application\/ld+json\" class=\"yoast-schema-graph\">{\"@context\":\"https:\/\/schema.org\",\"@graph\":[{\"@type\":\"WebPage\",\"@id\":\"https:\/\/besttahini.pl\/historia-firmy-al-arz\/\",\"url\":\"https:\/\/besttahini.pl\/historia-firmy-al-arz\/\",\"name\":\"Historia firmy Al Arz | www.besttahini.pl\",\"isPartOf\":{\"@id\":\"https:\/\/besttahini.pl\/#website\"},\"primaryImageOfPage\":{\"@id\":\"https:\/\/besttahini.pl\/historia-firmy-al-arz\/#primaryimage\"},\"image\":{\"@id\":\"https:\/\/besttahini.pl\/historia-firmy-al-arz\/#primaryimage\"},\"thumbnailUrl\":\"https:\/\/besttahini.pl\/wp-content\/uploads\/2023\/12\/julia-tre-sc-2977588258.jpg\",\"datePublished\":\"2023-03-12T07:09:36+00:00\",\"dateModified\":\"2024-10-23T11:59:52+00:00\",\"description\":\"Historia firmy Al Arz - poznaj kr\u00f3tk\u0105 histori\u0119 producenta i dostawcy wy\u015bmienitych Tahini kt\u00f3re s\u0105 baz\u0105 do doskona\u0142ego hummusu i cha\u0142wy.\",\"breadcrumb\":{\"@id\":\"https:\/\/besttahini.pl\/historia-firmy-al-arz\/#breadcrumb\"},\"inLanguage\":\"en-GB\",\"potentialAction\":[{\"@type\":\"ReadAction\",\"target\":[\"https:\/\/besttahini.pl\/historia-firmy-al-arz\/\"]}]},{\"@type\":\"ImageObject\",\"inLanguage\":\"en-GB\",\"@id\":\"https:\/\/besttahini.pl\/historia-firmy-al-arz\/#primaryimage\",\"url\":\"https:\/\/besttahini.pl\/wp-content\/uploads\/2023\/12\/julia-tre-sc-2977588258.jpg\",\"contentUrl\":\"https:\/\/besttahini.pl\/wp-content\/uploads\/2023\/12\/julia-tre-sc-2977588258.jpg\"},{\"@type\":\"BreadcrumbList\",\"@id\":\"https:\/\/besttahini.pl\/historia-firmy-al-arz\/#breadcrumb\",\"itemListElement\":[{\"@type\":\"ListItem\",\"position\":1,\"name\":\"Strona g\u0142\u00f3wna\",\"item\":\"https:\/\/besttahini.pl\/\"},{\"@type\":\"ListItem\",\"position\":2,\"name\":\"Historia firmy Al Arz\"}]},{\"@type\":\"WebSite\",\"@id\":\"https:\/\/besttahini.pl\/#website\",\"url\":\"https:\/\/besttahini.pl\/\",\"name\":\"Best Tahini\",\"description\":\"Pasty sezamowe premium\",\"publisher\":{\"@id\":\"https:\/\/besttahini.pl\/#organization\"},\"potentialAction\":[{\"@type\":\"SearchAction\",\"target\":{\"@type\":\"EntryPoint\",\"urlTemplate\":\"https:\/\/besttahini.pl\/?s={search_term_string}\"},\"query-input\":{\"@type\":\"PropertyValueSpecification\",\"valueRequired\":true,\"valueName\":\"search_term_string\"}}],\"inLanguage\":\"en-GB\"},{\"@type\":\"Organization\",\"@id\":\"https:\/\/besttahini.pl\/#organization\",\"name\":\"Best Tahini\",\"url\":\"https:\/\/besttahini.pl\/\",\"logo\":{\"@type\":\"ImageObject\",\"inLanguage\":\"en-GB\",\"@id\":\"https:\/\/besttahini.pl\/#\/schema\/logo\/image\/\",\"url\":\"https:\/\/besttahini.pl\/wp-content\/uploads\/2023\/05\/cropped-cropped-logo-best-tahini2.png\",\"contentUrl\":\"https:\/\/besttahini.pl\/wp-content\/uploads\/2023\/05\/cropped-cropped-logo-best-tahini2.png\",\"width\":300,\"height\":67,\"caption\":\"Best Tahini\"},\"image\":{\"@id\":\"https:\/\/besttahini.pl\/#\/schema\/logo\/image\/\"}}]}<\/script>\n<!-- \/ Yoast SEO Premium plugin. -->","yoast_head_json":{"title":"Historia firmy Al Arz | www.besttahini.pl","description":"Historia firmy Al Arz - poznaj kr\u00f3tk\u0105 histori\u0119 producenta i dostawcy wy\u015bmienitych Tahini kt\u00f3re s\u0105 baz\u0105 do doskona\u0142ego hummusu i cha\u0142wy.","robots":{"index":"index","follow":"follow","max-snippet":"max-snippet:-1","max-image-preview":"max-image-preview:large","max-video-preview":"max-video-preview:-1"},"canonical":"https:\/\/besttahini.pl\/en\/historia-firmy-al-arz\/","og_locale":"en_GB","og_type":"article","og_title":"Historia firmy Al Arz","og_description":"Historia firmy Al Arz - poznaj kr\u00f3tk\u0105 histori\u0119 producenta i dostawcy wy\u015bmienitych Tahini kt\u00f3re s\u0105 baz\u0105 do doskona\u0142ego hummusu i cha\u0142wy.","og_url":"https:\/\/besttahini.pl\/en\/historia-firmy-al-arz\/","og_site_name":"Best Tahini","article_modified_time":"2024-10-23T11:59:52+00:00","og_image":[{"width":600,"height":314,"url":"https:\/\/besttahini.pl\/wp-content\/uploads\/2023\/12\/julia-tre-sc-2977588258.jpg","type":"image\/jpeg"}],"twitter_card":"summary_large_image","twitter_misc":{"Estimated reading time":"3 minutes"},"schema":{"@context":"https:\/\/schema.org","@graph":[{"@type":"WebPage","@id":"https:\/\/besttahini.pl\/historia-firmy-al-arz\/","url":"https:\/\/besttahini.pl\/historia-firmy-al-arz\/","name":"Historia firmy Al Arz | www.besttahini.pl","isPartOf":{"@id":"https:\/\/besttahini.pl\/#website"},"primaryImageOfPage":{"@id":"https:\/\/besttahini.pl\/historia-firmy-al-arz\/#primaryimage"},"image":{"@id":"https:\/\/besttahini.pl\/historia-firmy-al-arz\/#primaryimage"},"thumbnailUrl":"https:\/\/besttahini.pl\/wp-content\/uploads\/2023\/12\/julia-tre-sc-2977588258.jpg","datePublished":"2023-03-12T07:09:36+00:00","dateModified":"2024-10-23T11:59:52+00:00","description":"Historia firmy Al Arz - poznaj kr\u00f3tk\u0105 histori\u0119 producenta i dostawcy wy\u015bmienitych Tahini kt\u00f3re s\u0105 baz\u0105 do doskona\u0142ego hummusu i cha\u0142wy.","breadcrumb":{"@id":"https:\/\/besttahini.pl\/historia-firmy-al-arz\/#breadcrumb"},"inLanguage":"en-GB","potentialAction":[{"@type":"ReadAction","target":["https:\/\/besttahini.pl\/historia-firmy-al-arz\/"]}]},{"@type":"ImageObject","inLanguage":"en-GB","@id":"https:\/\/besttahini.pl\/historia-firmy-al-arz\/#primaryimage","url":"https:\/\/besttahini.pl\/wp-content\/uploads\/2023\/12\/julia-tre-sc-2977588258.jpg","contentUrl":"https:\/\/besttahini.pl\/wp-content\/uploads\/2023\/12\/julia-tre-sc-2977588258.jpg"},{"@type":"BreadcrumbList","@id":"https:\/\/besttahini.pl\/historia-firmy-al-arz\/#breadcrumb","itemListElement":[{"@type":"ListItem","position":1,"name":"Strona g\u0142\u00f3wna","item":"https:\/\/besttahini.pl\/"},{"@type":"ListItem","position":2,"name":"Historia firmy Al Arz"}]},{"@type":"WebSite","@id":"https:\/\/besttahini.pl\/#website","url":"https:\/\/besttahini.pl\/","name":"Best Tahini","description":"Premium sesame pastes","publisher":{"@id":"https:\/\/besttahini.pl\/#organization"},"potentialAction":[{"@type":"SearchAction","target":{"@type":"EntryPoint","urlTemplate":"https:\/\/besttahini.pl\/?s={search_term_string}"},"query-input":{"@type":"PropertyValueSpecification","valueRequired":true,"valueName":"search_term_string"}}],"inLanguage":"en-GB"},{"@type":"Organization","@id":"https:\/\/besttahini.pl\/#organization","name":"Best Tahini","url":"https:\/\/besttahini.pl\/","logo":{"@type":"ImageObject","inLanguage":"en-GB","@id":"https:\/\/besttahini.pl\/#\/schema\/logo\/image\/","url":"https:\/\/besttahini.pl\/wp-content\/uploads\/2023\/05\/cropped-cropped-logo-best-tahini2.png","contentUrl":"https:\/\/besttahini.pl\/wp-content\/uploads\/2023\/05\/cropped-cropped-logo-best-tahini2.png","width":300,"height":67,"caption":"Best Tahini"},"image":{"@id":"https:\/\/besttahini.pl\/#\/schema\/logo\/image\/"}}]}},"_links":{"self":[{"href":"https:\/\/besttahini.pl\/en\/wp-json\/wp\/v2\/pages\/17","targetHints":{"allow":["GET"]}}],"collection":[{"href":"https:\/\/besttahini.pl\/en\/wp-json\/wp\/v2\/pages"}],"about":[{"href":"https:\/\/besttahini.pl\/en\/wp-json\/wp\/v2\/types\/page"}],"author":[{"embeddable":true,"href":"https:\/\/besttahini.pl\/en\/wp-json\/wp\/v2\/users\/2"}],"replies":[{"embeddable":true,"href":"https:\/\/besttahini.pl\/en\/wp-json\/wp\/v2\/comments?post=17"}],"version-history":[{"count":6,"href":"https:\/\/besttahini.pl\/en\/wp-json\/wp\/v2\/pages\/17\/revisions"}],"predecessor-version":[{"id":2340,"href":"https:\/\/besttahini.pl\/en\/wp-json\/wp\/v2\/pages\/17\/revisions\/2340"}],"wp:attachment":[{"href":"https:\/\/besttahini.pl\/en\/wp-json\/wp\/v2\/media?parent=17"}],"curies":[{"name":"wp","href":"https:\/\/api.w.org\/{rel}","templated":true}]}}