{"id":1666,"date":"2023-05-18T14:54:50","date_gmt":"2023-05-18T12:54:50","guid":{"rendered":"https:\/\/besttahini.pl\/?page_id=1666"},"modified":"2024-04-11T22:57:26","modified_gmt":"2024-04-11T20:57:26","slug":"warunki-dostawy","status":"publish","type":"page","link":"https:\/\/besttahini.pl\/en\/warunki-dostawy\/","title":{"rendered":"Delivery Terms"},"content":{"rendered":"<p class=\"has-black-color has-text-color has-link-color wp-elements-007d424a29af1ee8d7e5417bdf484fbc\"><strong>DELIVERY TERMS<\/strong><br><br>1. Ordered goods are delivered only within the territory of the Republic of Poland and are shipped to the address specified by the customer in the order form.<br>2. The shipping time for goods is indicated on the website of the online store www.besttahini.pl and is 48 hours. The seller will make every effort to ensure that the delivery occurs within the time stated on the product page in the online store. If delivery is not possible within the stated time, the buyer will be immediately informed.<br>3. The delivery of ordered goods is carried out via InPost Parcel Lockers or Pocztex Courier.<br>4. When the goods are handed over to the courier company, the Buyer is notified of this by an email sent to the address provided in the order.<br>5. The delivery costs of the Goods, in addition to the price of the Goods, which are borne by the Customer, are provided on the Store's website during the Order process.<br>6. The delivery cost of the goods in the case of choosing cash on delivery is entirely covered by the Customer.<br>7. Upon receipt of the goods, the Customer is required to confirm their receipt. From that moment, the goods become the property of the Customer.<\/p>","protected":false},"excerpt":{"rendered":"<p>WARUNKI DOSTAWY 1. Zam\u00f3wione towary s\u0105 dostarczane wy\u0142\u0105cznie na terytorium Rzeczypospolitej Polskiej i odbywa si\u0119 pod adresem wskazanym przez Klienta w formularzu zam\u00f3wienia.2. Czas wysy\u0142ki towar\u00f3w jest oznaczony na stronach &#8230;<\/p>","protected":false},"author":2,"featured_media":0,"parent":0,"menu_order":0,"comment_status":"closed","ping_status":"closed","template":"template-fullwidth.php","meta":{"footnotes":""},"class_list":["post-1666","page","type-page","status-publish","hentry"],"yoast_head":"<!-- This site is optimized with the Yoast SEO Premium plugin v25.4 (Yoast SEO v26.1.1) - https:\/\/yoast.com\/wordpress\/plugins\/seo\/ -->\n<title>Warunki dostawy - Best Tahini<\/title>\n<meta name=\"robots\" content=\"noindex, nofollow\" \/>\n<meta property=\"og:locale\" content=\"en_GB\" \/>\n<meta property=\"og:type\" content=\"article\" \/>\n<meta property=\"og:title\" content=\"Warunki dostawy\" \/>\n<meta property=\"og:description\" content=\"WARUNKI DOSTAWY 1. Zam\u00f3wione towary s\u0105 dostarczane wy\u0142\u0105cznie na terytorium Rzeczypospolitej Polskiej i odbywa si\u0119 pod adresem wskazanym przez Klienta w formularzu zam\u00f3wienia.2. Czas wysy\u0142ki towar\u00f3w jest oznaczony na stronach ...\" \/>\n<meta property=\"og:url\" content=\"https:\/\/besttahini.pl\/en\/warunki-dostawy\/\" \/>\n<meta property=\"og:site_name\" content=\"Best Tahini\" \/>\n<meta property=\"article:modified_time\" content=\"2024-04-11T20:57:26+00:00\" \/>\n<meta name=\"twitter:card\" content=\"summary_large_image\" \/>\n<meta name=\"twitter:label1\" content=\"Estimated reading time\" \/>\n\t<meta name=\"twitter:data1\" content=\"1 minute\" \/>\n<script type=\"application\/ld+json\" class=\"yoast-schema-graph\">{\"@context\":\"https:\/\/schema.org\",\"@graph\":[{\"@type\":\"WebPage\",\"@id\":\"https:\/\/besttahini.pl\/warunki-dostawy\/\",\"url\":\"https:\/\/besttahini.pl\/warunki-dostawy\/\",\"name\":\"Warunki dostawy - Best Tahini\",\"isPartOf\":{\"@id\":\"https:\/\/besttahini.pl\/#website\"},\"datePublished\":\"2023-05-18T12:54:50+00:00\",\"dateModified\":\"2024-04-11T20:57:26+00:00\",\"breadcrumb\":{\"@id\":\"https:\/\/besttahini.pl\/warunki-dostawy\/#breadcrumb\"},\"inLanguage\":\"en-GB\",\"potentialAction\":[{\"@type\":\"ReadAction\",\"target\":[\"https:\/\/besttahini.pl\/warunki-dostawy\/\"]}]},{\"@type\":\"BreadcrumbList\",\"@id\":\"https:\/\/besttahini.pl\/warunki-dostawy\/#breadcrumb\",\"itemListElement\":[{\"@type\":\"ListItem\",\"position\":1,\"name\":\"Strona g\u0142\u00f3wna\",\"item\":\"https:\/\/besttahini.pl\/\"},{\"@type\":\"ListItem\",\"position\":2,\"name\":\"Warunki dostawy\"}]},{\"@type\":\"WebSite\",\"@id\":\"https:\/\/besttahini.pl\/#website\",\"url\":\"https:\/\/besttahini.pl\/\",\"name\":\"Best Tahini\",\"description\":\"Pasty sezamowe premium\",\"publisher\":{\"@id\":\"https:\/\/besttahini.pl\/#organization\"},\"potentialAction\":[{\"@type\":\"SearchAction\",\"target\":{\"@type\":\"EntryPoint\",\"urlTemplate\":\"https:\/\/besttahini.pl\/?s={search_term_string}\"},\"query-input\":{\"@type\":\"PropertyValueSpecification\",\"valueRequired\":true,\"valueName\":\"search_term_string\"}}],\"inLanguage\":\"en-GB\"},{\"@type\":\"Organization\",\"@id\":\"https:\/\/besttahini.pl\/#organization\",\"name\":\"Best Tahini\",\"url\":\"https:\/\/besttahini.pl\/\",\"logo\":{\"@type\":\"ImageObject\",\"inLanguage\":\"en-GB\",\"@id\":\"https:\/\/besttahini.pl\/#\/schema\/logo\/image\/\",\"url\":\"https:\/\/besttahini.pl\/wp-content\/uploads\/2023\/05\/cropped-cropped-logo-best-tahini2.png\",\"contentUrl\":\"https:\/\/besttahini.pl\/wp-content\/uploads\/2023\/05\/cropped-cropped-logo-best-tahini2.png\",\"width\":300,\"height\":67,\"caption\":\"Best Tahini\"},\"image\":{\"@id\":\"https:\/\/besttahini.pl\/#\/schema\/logo\/image\/\"}}]}<\/script>\n<!-- \/ Yoast SEO Premium plugin. -->","yoast_head_json":{"title":"Warunki dostawy - Best Tahini","robots":{"index":"noindex","follow":"nofollow"},"og_locale":"en_GB","og_type":"article","og_title":"Warunki dostawy","og_description":"WARUNKI DOSTAWY 1. Zam\u00f3wione towary s\u0105 dostarczane wy\u0142\u0105cznie na terytorium Rzeczypospolitej Polskiej i odbywa si\u0119 pod adresem wskazanym przez Klienta w formularzu zam\u00f3wienia.2. Czas wysy\u0142ki towar\u00f3w jest oznaczony na stronach ...","og_url":"https:\/\/besttahini.pl\/en\/warunki-dostawy\/","og_site_name":"Best Tahini","article_modified_time":"2024-04-11T20:57:26+00:00","twitter_card":"summary_large_image","twitter_misc":{"Estimated reading time":"1 minute"},"schema":{"@context":"https:\/\/schema.org","@graph":[{"@type":"WebPage","@id":"https:\/\/besttahini.pl\/warunki-dostawy\/","url":"https:\/\/besttahini.pl\/warunki-dostawy\/","name":"Warunki dostawy - Best Tahini","isPartOf":{"@id":"https:\/\/besttahini.pl\/#website"},"datePublished":"2023-05-18T12:54:50+00:00","dateModified":"2024-04-11T20:57:26+00:00","breadcrumb":{"@id":"https:\/\/besttahini.pl\/warunki-dostawy\/#breadcrumb"},"inLanguage":"en-GB","potentialAction":[{"@type":"ReadAction","target":["https:\/\/besttahini.pl\/warunki-dostawy\/"]}]},{"@type":"BreadcrumbList","@id":"https:\/\/besttahini.pl\/warunki-dostawy\/#breadcrumb","itemListElement":[{"@type":"ListItem","position":1,"name":"Strona g\u0142\u00f3wna","item":"https:\/\/besttahini.pl\/"},{"@type":"ListItem","position":2,"name":"Warunki dostawy"}]},{"@type":"WebSite","@id":"https:\/\/besttahini.pl\/#website","url":"https:\/\/besttahini.pl\/","name":"Best Tahini","description":"Premium sesame pastes","publisher":{"@id":"https:\/\/besttahini.pl\/#organization"},"potentialAction":[{"@type":"SearchAction","target":{"@type":"EntryPoint","urlTemplate":"https:\/\/besttahini.pl\/?s={search_term_string}"},"query-input":{"@type":"PropertyValueSpecification","valueRequired":true,"valueName":"search_term_string"}}],"inLanguage":"en-GB"},{"@type":"Organization","@id":"https:\/\/besttahini.pl\/#organization","name":"Best Tahini","url":"https:\/\/besttahini.pl\/","logo":{"@type":"ImageObject","inLanguage":"en-GB","@id":"https:\/\/besttahini.pl\/#\/schema\/logo\/image\/","url":"https:\/\/besttahini.pl\/wp-content\/uploads\/2023\/05\/cropped-cropped-logo-best-tahini2.png","contentUrl":"https:\/\/besttahini.pl\/wp-content\/uploads\/2023\/05\/cropped-cropped-logo-best-tahini2.png","width":300,"height":67,"caption":"Best Tahini"},"image":{"@id":"https:\/\/besttahini.pl\/#\/schema\/logo\/image\/"}}]}},"_links":{"self":[{"href":"https:\/\/besttahini.pl\/en\/wp-json\/wp\/v2\/pages\/1666","targetHints":{"allow":["GET"]}}],"collection":[{"href":"https:\/\/besttahini.pl\/en\/wp-json\/wp\/v2\/pages"}],"about":[{"href":"https:\/\/besttahini.pl\/en\/wp-json\/wp\/v2\/types\/page"}],"author":[{"embeddable":true,"href":"https:\/\/besttahini.pl\/en\/wp-json\/wp\/v2\/users\/2"}],"replies":[{"embeddable":true,"href":"https:\/\/besttahini.pl\/en\/wp-json\/wp\/v2\/comments?post=1666"}],"version-history":[{"count":1,"href":"https:\/\/besttahini.pl\/en\/wp-json\/wp\/v2\/pages\/1666\/revisions"}],"predecessor-version":[{"id":3124,"href":"https:\/\/besttahini.pl\/en\/wp-json\/wp\/v2\/pages\/1666\/revisions\/3124"}],"wp:attachment":[{"href":"https:\/\/besttahini.pl\/en\/wp-json\/wp\/v2\/media?parent=1666"}],"curies":[{"name":"wp","href":"https:\/\/api.w.org\/{rel}","templated":true}]}}