{"id":1554,"date":"2023-05-18T11:53:41","date_gmt":"2023-05-18T09:53:41","guid":{"rendered":"https:\/\/besttahini.pl\/?page_id=1554"},"modified":"2024-10-24T09:59:37","modified_gmt":"2024-10-24T07:59:37","slug":"al-arz-tahini-pelnoziarnista","status":"publish","type":"page","link":"https:\/\/besttahini.pl\/en\/al-arz-tahini-pelnoziarnista\/","title":{"rendered":"Al Arz Tahini \u2013 100% Whole Grain Sesame Paste"},"content":{"rendered":"<figure class=\"wp-block-image alignwide size-large\"><img decoding=\"async\" width=\"1024\" height=\"368\" src=\"https:\/\/besttahini.pl\/wp-content\/uploads\/2024\/10\/img_slide_tahini_2-1024x368.webp\" alt=\"tahini pe\u0142noziarnista pasta sezamowa\" class=\"wp-image-3345\" srcset=\"https:\/\/besttahini.pl\/wp-content\/uploads\/2024\/10\/img_slide_tahini_2-1024x368.webp 1024w, https:\/\/besttahini.pl\/wp-content\/uploads\/2024\/10\/img_slide_tahini_2-300x108.webp 300w, https:\/\/besttahini.pl\/wp-content\/uploads\/2024\/10\/img_slide_tahini_2-768x276.webp 768w, https:\/\/besttahini.pl\/wp-content\/uploads\/2024\/10\/img_slide_tahini_2-1536x552.webp 1536w, https:\/\/besttahini.pl\/wp-content\/uploads\/2024\/10\/img_slide_tahini_2-600x216.webp 600w, https:\/\/besttahini.pl\/wp-content\/uploads\/2024\/10\/img_slide_tahini_2.webp 1920w\" sizes=\"(max-width: 1024px) 100vw, 1024px\" \/><\/figure>\n\n\n\n<div class=\"wp-block-columns is-layout-flex wp-container-core-columns-is-layout-9d6595d7 wp-block-columns-is-layout-flex\">\n<div class=\"wp-block-column is-layout-flow wp-block-column-is-layout-flow\" style=\"flex-basis:33.33%\">\n<div class=\"wp-block-columns is-layout-flex wp-container-core-columns-is-layout-9d6595d7 wp-block-columns-is-layout-flex\">\n<div class=\"wp-block-column is-layout-flow wp-block-column-is-layout-flow\"><\/div>\n<\/div>\n\n\n\n<div class=\"wp-block-columns is-layout-flex wp-container-core-columns-is-layout-9d6595d7 wp-block-columns-is-layout-flex\">\n<div class=\"wp-block-column is-layout-flow wp-block-column-is-layout-flow\" style=\"flex-basis:100%\">\n<figure class=\"wp-block-gallery has-nested-images columns-default is-cropped wp-block-gallery-1 is-layout-flex wp-block-gallery-is-layout-flex\">\n<figure class=\"wp-block-image size-full\"><img decoding=\"async\" width=\"440\" height=\"440\" data-id=\"1731\" src=\"https:\/\/besttahini.pl\/wp-content\/uploads\/2023\/05\/5_A.webp\" alt=\"al arz tahini pe\u0142noziarnista\" class=\"wp-image-1731\" srcset=\"https:\/\/besttahini.pl\/wp-content\/uploads\/2023\/05\/5_A.webp 440w, https:\/\/besttahini.pl\/wp-content\/uploads\/2023\/05\/5_A-100x100.webp 100w, https:\/\/besttahini.pl\/wp-content\/uploads\/2023\/05\/5_A-300x300.webp 300w, https:\/\/besttahini.pl\/wp-content\/uploads\/2023\/05\/5_A-150x150.webp 150w\" sizes=\"(max-width: 440px) 100vw, 440px\" \/><\/figure>\n<\/figure>\n<\/div>\n<\/div>\n\n\n\n<div class=\"wp-block-buttons alignwide is-content-justification-center is-layout-flex wp-container-core-buttons-is-layout-16018d1d wp-block-buttons-is-layout-flex\">\n<div class=\"wp-block-button is-style-outline is-style-outline--2\"><a class=\"wp-block-button__link wp-element-button\" href=\"https:\/\/besttahini.pl\/en\/sklep\/?add-to-cart=1692\"><strong>Add to Cart<\/strong><\/a><\/div>\n<\/div>\n<\/div>\n\n\n\n<div class=\"wp-block-column is-layout-flow wp-block-column-is-layout-flow\" style=\"flex-basis:66.66%\">\n<h2 class=\"wp-block-heading\" id=\"h-al-arz-tahini-pelnoziarnista-pasta-sezamowa-100\">Al Arz Tahini \u2013 Whole Grain 100% Sesame Paste<\/h2>\n\n\n\n<h3 class=\"wp-block-heading\" id=\"h-\"><\/h3>\n\n\n\n<p>Al Arz Tahini \u2013 100% Whole Grain Sesame Paste is an exceptional tahini of high quality, made from roasted and ground sesame seeds. No added ingredients.<\/p>\n\n\n\n<p>It has a darker shade of unpeeled seeds, which gives it a more intense sesame flavor compared to classic tahini. It also has a slightly rough texture.<\/p>\n\n\n\n<p>Al Arz produces this tahini from the finest Ethiopian sesame seeds from the Humra region. Its deep, nutty flavor with a full aroma stands out from the others, and it is not sticky. It is perfect as a dip, ingredient for baba ghanoush or hummus, and pairs excellently with tahini sauces or falafel. A popular ingredient in Eastern Mediterranean cuisine \u2013 from the South Caucasus, the Balkans, the Middle East, to North Africa.<\/p>\n\n\n\n<p>Al Arz Tahini is an excellent choice for vegans because it contains no chemical additives, artificial colors, flavors, preservatives, or lactose. All Al Arz products are gluten-free and Kosher Parve certified. <strong>Kosher Parve<\/strong> and gluten-free.<\/p>\n\n\n\n<p>Weight: 453 grams \/ 16 oz<\/p>\n\n\n\n<p>Key features of Al Arz Tahini:<\/p>\n\n\n\n<figure class=\"wp-block-image size-large\"><img decoding=\"async\" width=\"1024\" height=\"164\" src=\"https:\/\/besttahini.pl\/wp-content\/uploads\/2023\/11\/specyfikacja_allegro-1024x164.webp\" alt=\"specyfikacja al arz\" class=\"wp-image-2187\" srcset=\"\" sizes=\"(max-width: 1024px) 100vw, 1024px\" data-srcset=\"\" \/><\/figure>\n\n\n\n<ol class=\"wp-block-list\">\n<li><strong>Natural Flavor and Aroma:<\/strong> Al Arz Tahini stands out for its intense sesame flavor, giving dishes a unique character. It is pleasantly smooth with a slightly nutty aftertaste.<\/li>\n\n\n\n<li><strong>Rich in Nutrients:<\/strong> The sesame seeds used to make the paste provide protein, fiber, and vitamins (such as B6, E, and folic acid).<br>It is also rich in minerals, including calcium, iron, magnesium, and phosphorus.<\/li>\n\n\n\n<li><strong>Versatility in Cooking:<\/strong> Al Arz Tahini works wonderfully as a base for sauces and dressings. It pairs well with meat, fish, and vegetarian dishes, as well as an ingredient in hummus or halva.<\/li>\n\n\n\n<li><strong>Environmental Awareness:<\/strong> The production of Al Arz Tahini follows sustainable farming principles, positively impacting the natural environment.<\/li>\n<\/ol>\n\n\n\n<p>By choosing Al Arz Tahini, you are investing not only in high quality but also in authentic taste that adds a unique aroma to a variety of dishes. <\/p>\n\n\n\n<p>If you are fascinated by Mediterranean or Middle Eastern cuisine, Al Arz Tahini will become an invaluable element of your kitchen, creating unique dishes.<\/p>\n\n\n\n<p><strong>Ingredients: <\/strong>100% sesame seeds. <br><strong>Ingredient Origin: <\/strong>Ethiopia. <br><strong>Manufacturer: <\/strong>Al Arz<br><\/p>\n\n\n\n<p class=\"has-text-color\" style=\"color:#dda552\"><\/p>\n<\/div>\n<\/div>","protected":false},"excerpt":{"rendered":"<p>Al Arz Tahini &#8211; Pe\u0142noziarnista pasta sezamowa. Jedyna pe\u0142noziarnista Premium Tahini. Naturalna, aksamitna, tradycyjna, wega\u0144ska, koszerna.<\/p>","protected":false},"author":2,"featured_media":1731,"parent":0,"menu_order":0,"comment_status":"closed","ping_status":"closed","template":"template-fullwidth.php","meta":{"footnotes":""},"class_list":["post-1554","page","type-page","status-publish","has-post-thumbnail","hentry"],"yoast_head":"<!-- This site is optimized with the Yoast SEO Premium plugin v25.4 (Yoast SEO v26.1.1) - https:\/\/yoast.com\/wordpress\/plugins\/seo\/ -->\n<title>Al Arz Tahini - Pe\u0142noziarnista pasta sezamowa | www.besttahini.pl<\/title>\n<meta name=\"description\" content=\"Al Arz Tahini - Pe\u0142noziarnista pasta sezamowa. Jedyna pe\u0142noziarnista Premium Tahini. Naturalna, aksamitna, tradycyjna, wega\u0144ska, koszerna.\" \/>\n<meta name=\"robots\" content=\"index, follow, max-snippet:-1, max-image-preview:large, max-video-preview:-1\" \/>\n<link rel=\"canonical\" href=\"https:\/\/besttahini.pl\/en\/al-arz-tahini-pelnoziarnista\/\" \/>\n<meta property=\"og:locale\" content=\"en_GB\" \/>\n<meta property=\"og:type\" content=\"article\" \/>\n<meta property=\"og:title\" content=\"Al Arz Tahini - Pe\u0142noziarnista pasta sezamowa 100%\" \/>\n<meta property=\"og:description\" content=\"Al Arz Tahini - Pe\u0142noziarnista pasta sezamowa. Jedyna pe\u0142noziarnista Premium Tahini. Naturalna, aksamitna, tradycyjna, wega\u0144ska, koszerna.\" \/>\n<meta property=\"og:url\" content=\"https:\/\/besttahini.pl\/en\/al-arz-tahini-pelnoziarnista\/\" \/>\n<meta property=\"og:site_name\" content=\"Best Tahini\" \/>\n<meta property=\"article:modified_time\" content=\"2024-10-24T07:59:37+00:00\" \/>\n<meta property=\"og:image\" content=\"https:\/\/besttahini.pl\/wp-content\/uploads\/2023\/05\/5_A.webp\" \/>\n\t<meta property=\"og:image:width\" content=\"440\" \/>\n\t<meta property=\"og:image:height\" content=\"440\" \/>\n\t<meta property=\"og:image:type\" content=\"image\/webp\" \/>\n<meta name=\"twitter:card\" content=\"summary_large_image\" \/>\n<meta name=\"twitter:label1\" content=\"Estimated reading time\" \/>\n\t<meta name=\"twitter:data1\" content=\"3 minutes\" \/>\n<script type=\"application\/ld+json\" class=\"yoast-schema-graph\">{\"@context\":\"https:\/\/schema.org\",\"@graph\":[{\"@type\":\"WebPage\",\"@id\":\"https:\/\/besttahini.pl\/al-arz-tahini-pelnoziarnista\/\",\"url\":\"https:\/\/besttahini.pl\/al-arz-tahini-pelnoziarnista\/\",\"name\":\"Al Arz Tahini - Pe\u0142noziarnista pasta sezamowa | www.besttahini.pl\",\"isPartOf\":{\"@id\":\"https:\/\/besttahini.pl\/#website\"},\"primaryImageOfPage\":{\"@id\":\"https:\/\/besttahini.pl\/al-arz-tahini-pelnoziarnista\/#primaryimage\"},\"image\":{\"@id\":\"https:\/\/besttahini.pl\/al-arz-tahini-pelnoziarnista\/#primaryimage\"},\"thumbnailUrl\":\"https:\/\/besttahini.pl\/wp-content\/uploads\/2023\/05\/5_A.webp\",\"datePublished\":\"2023-05-18T09:53:41+00:00\",\"dateModified\":\"2024-10-24T07:59:37+00:00\",\"description\":\"Al Arz Tahini - Pe\u0142noziarnista pasta sezamowa. Jedyna pe\u0142noziarnista Premium Tahini. Naturalna, aksamitna, tradycyjna, wega\u0144ska, koszerna.\",\"breadcrumb\":{\"@id\":\"https:\/\/besttahini.pl\/al-arz-tahini-pelnoziarnista\/#breadcrumb\"},\"inLanguage\":\"en-GB\",\"potentialAction\":[{\"@type\":\"ReadAction\",\"target\":[\"https:\/\/besttahini.pl\/al-arz-tahini-pelnoziarnista\/\"]}]},{\"@type\":\"ImageObject\",\"inLanguage\":\"en-GB\",\"@id\":\"https:\/\/besttahini.pl\/al-arz-tahini-pelnoziarnista\/#primaryimage\",\"url\":\"https:\/\/besttahini.pl\/wp-content\/uploads\/2023\/05\/5_A.webp\",\"contentUrl\":\"https:\/\/besttahini.pl\/wp-content\/uploads\/2023\/05\/5_A.webp\",\"width\":440,\"height\":440,\"caption\":\"al arz tahini pe\u0142noziarnista\"},{\"@type\":\"BreadcrumbList\",\"@id\":\"https:\/\/besttahini.pl\/al-arz-tahini-pelnoziarnista\/#breadcrumb\",\"itemListElement\":[{\"@type\":\"ListItem\",\"position\":1,\"name\":\"Strona g\u0142\u00f3wna\",\"item\":\"https:\/\/besttahini.pl\/\"},{\"@type\":\"ListItem\",\"position\":2,\"name\":\"Al Arz Tahini &#8211; Pe\u0142noziarnista pasta sezamowa 100%\"}]},{\"@type\":\"WebSite\",\"@id\":\"https:\/\/besttahini.pl\/#website\",\"url\":\"https:\/\/besttahini.pl\/\",\"name\":\"Best Tahini\",\"description\":\"Pasty sezamowe premium\",\"publisher\":{\"@id\":\"https:\/\/besttahini.pl\/#organization\"},\"potentialAction\":[{\"@type\":\"SearchAction\",\"target\":{\"@type\":\"EntryPoint\",\"urlTemplate\":\"https:\/\/besttahini.pl\/?s={search_term_string}\"},\"query-input\":{\"@type\":\"PropertyValueSpecification\",\"valueRequired\":true,\"valueName\":\"search_term_string\"}}],\"inLanguage\":\"en-GB\"},{\"@type\":\"Organization\",\"@id\":\"https:\/\/besttahini.pl\/#organization\",\"name\":\"Best Tahini\",\"url\":\"https:\/\/besttahini.pl\/\",\"logo\":{\"@type\":\"ImageObject\",\"inLanguage\":\"en-GB\",\"@id\":\"https:\/\/besttahini.pl\/#\/schema\/logo\/image\/\",\"url\":\"https:\/\/besttahini.pl\/wp-content\/uploads\/2023\/05\/cropped-cropped-logo-best-tahini2.png\",\"contentUrl\":\"https:\/\/besttahini.pl\/wp-content\/uploads\/2023\/05\/cropped-cropped-logo-best-tahini2.png\",\"width\":300,\"height\":67,\"caption\":\"Best Tahini\"},\"image\":{\"@id\":\"https:\/\/besttahini.pl\/#\/schema\/logo\/image\/\"}}]}<\/script>\n<!-- \/ Yoast SEO Premium plugin. -->","yoast_head_json":{"title":"Al Arz Tahini - Pe\u0142noziarnista pasta sezamowa | www.besttahini.pl","description":"Al Arz Tahini - Pe\u0142noziarnista pasta sezamowa. Jedyna pe\u0142noziarnista Premium Tahini. Naturalna, aksamitna, tradycyjna, wega\u0144ska, koszerna.","robots":{"index":"index","follow":"follow","max-snippet":"max-snippet:-1","max-image-preview":"max-image-preview:large","max-video-preview":"max-video-preview:-1"},"canonical":"https:\/\/besttahini.pl\/en\/al-arz-tahini-pelnoziarnista\/","og_locale":"en_GB","og_type":"article","og_title":"Al Arz Tahini - Pe\u0142noziarnista pasta sezamowa 100%","og_description":"Al Arz Tahini - Pe\u0142noziarnista pasta sezamowa. Jedyna pe\u0142noziarnista Premium Tahini. Naturalna, aksamitna, tradycyjna, wega\u0144ska, koszerna.","og_url":"https:\/\/besttahini.pl\/en\/al-arz-tahini-pelnoziarnista\/","og_site_name":"Best Tahini","article_modified_time":"2024-10-24T07:59:37+00:00","og_image":[{"width":440,"height":440,"url":"https:\/\/besttahini.pl\/wp-content\/uploads\/2023\/05\/5_A.webp","type":"image\/webp"}],"twitter_card":"summary_large_image","twitter_misc":{"Estimated reading time":"3 minutes"},"schema":{"@context":"https:\/\/schema.org","@graph":[{"@type":"WebPage","@id":"https:\/\/besttahini.pl\/al-arz-tahini-pelnoziarnista\/","url":"https:\/\/besttahini.pl\/al-arz-tahini-pelnoziarnista\/","name":"Al Arz Tahini - Pe\u0142noziarnista pasta sezamowa | www.besttahini.pl","isPartOf":{"@id":"https:\/\/besttahini.pl\/#website"},"primaryImageOfPage":{"@id":"https:\/\/besttahini.pl\/al-arz-tahini-pelnoziarnista\/#primaryimage"},"image":{"@id":"https:\/\/besttahini.pl\/al-arz-tahini-pelnoziarnista\/#primaryimage"},"thumbnailUrl":"https:\/\/besttahini.pl\/wp-content\/uploads\/2023\/05\/5_A.webp","datePublished":"2023-05-18T09:53:41+00:00","dateModified":"2024-10-24T07:59:37+00:00","description":"Al Arz Tahini - Pe\u0142noziarnista pasta sezamowa. Jedyna pe\u0142noziarnista Premium Tahini. Naturalna, aksamitna, tradycyjna, wega\u0144ska, koszerna.","breadcrumb":{"@id":"https:\/\/besttahini.pl\/al-arz-tahini-pelnoziarnista\/#breadcrumb"},"inLanguage":"en-GB","potentialAction":[{"@type":"ReadAction","target":["https:\/\/besttahini.pl\/al-arz-tahini-pelnoziarnista\/"]}]},{"@type":"ImageObject","inLanguage":"en-GB","@id":"https:\/\/besttahini.pl\/al-arz-tahini-pelnoziarnista\/#primaryimage","url":"https:\/\/besttahini.pl\/wp-content\/uploads\/2023\/05\/5_A.webp","contentUrl":"https:\/\/besttahini.pl\/wp-content\/uploads\/2023\/05\/5_A.webp","width":440,"height":440,"caption":"al arz tahini pe\u0142noziarnista"},{"@type":"BreadcrumbList","@id":"https:\/\/besttahini.pl\/al-arz-tahini-pelnoziarnista\/#breadcrumb","itemListElement":[{"@type":"ListItem","position":1,"name":"Strona g\u0142\u00f3wna","item":"https:\/\/besttahini.pl\/"},{"@type":"ListItem","position":2,"name":"Al Arz Tahini &#8211; Pe\u0142noziarnista pasta sezamowa 100%"}]},{"@type":"WebSite","@id":"https:\/\/besttahini.pl\/#website","url":"https:\/\/besttahini.pl\/","name":"Best Tahini","description":"Premium sesame pastes","publisher":{"@id":"https:\/\/besttahini.pl\/#organization"},"potentialAction":[{"@type":"SearchAction","target":{"@type":"EntryPoint","urlTemplate":"https:\/\/besttahini.pl\/?s={search_term_string}"},"query-input":{"@type":"PropertyValueSpecification","valueRequired":true,"valueName":"search_term_string"}}],"inLanguage":"en-GB"},{"@type":"Organization","@id":"https:\/\/besttahini.pl\/#organization","name":"Best Tahini","url":"https:\/\/besttahini.pl\/","logo":{"@type":"ImageObject","inLanguage":"en-GB","@id":"https:\/\/besttahini.pl\/#\/schema\/logo\/image\/","url":"https:\/\/besttahini.pl\/wp-content\/uploads\/2023\/05\/cropped-cropped-logo-best-tahini2.png","contentUrl":"https:\/\/besttahini.pl\/wp-content\/uploads\/2023\/05\/cropped-cropped-logo-best-tahini2.png","width":300,"height":67,"caption":"Best Tahini"},"image":{"@id":"https:\/\/besttahini.pl\/#\/schema\/logo\/image\/"}}]}},"_links":{"self":[{"href":"https:\/\/besttahini.pl\/en\/wp-json\/wp\/v2\/pages\/1554","targetHints":{"allow":["GET"]}}],"collection":[{"href":"https:\/\/besttahini.pl\/en\/wp-json\/wp\/v2\/pages"}],"about":[{"href":"https:\/\/besttahini.pl\/en\/wp-json\/wp\/v2\/types\/page"}],"author":[{"embeddable":true,"href":"https:\/\/besttahini.pl\/en\/wp-json\/wp\/v2\/users\/2"}],"replies":[{"embeddable":true,"href":"https:\/\/besttahini.pl\/en\/wp-json\/wp\/v2\/comments?post=1554"}],"version-history":[{"count":20,"href":"https:\/\/besttahini.pl\/en\/wp-json\/wp\/v2\/pages\/1554\/revisions"}],"predecessor-version":[{"id":3347,"href":"https:\/\/besttahini.pl\/en\/wp-json\/wp\/v2\/pages\/1554\/revisions\/3347"}],"wp:featuredmedia":[{"embeddable":true,"href":"https:\/\/besttahini.pl\/en\/wp-json\/wp\/v2\/media\/1731"}],"wp:attachment":[{"href":"https:\/\/besttahini.pl\/en\/wp-json\/wp\/v2\/media?parent=1554"}],"curies":[{"name":"wp","href":"https:\/\/api.w.org\/{rel}","templated":true}]}}